{"id":7937,"date":"2025-12-17T18:56:26","date_gmt":"2025-12-17T23:56:26","guid":{"rendered":"https:\/\/transcaribe.gov.co\/?page_id=7937"},"modified":"2025-12-17T18:58:39","modified_gmt":"2025-12-17T23:58:39","slug":"informes-a-organismos-de-inspeccion-vigilancia-y-control","status":"publish","type":"page","link":"https:\/\/transcaribe.gov.co\/index.php\/informes-a-organismos-de-inspeccion-vigilancia-y-control\/","title":{"rendered":"Informes a organismos de inspecci\u00f3n, vigilancia y control."},"content":{"rendered":"\t\t<div data-elementor-type=\"wp-page\" data-elementor-id=\"7937\" class=\"elementor elementor-7937\" data-elementor-post-type=\"page\">\n\t\t\t\t\t\t<section class=\"elementor-section elementor-top-section elementor-element elementor-element-442690d elementor-section-boxed elementor-section-height-default elementor-section-height-default\" data-id=\"442690d\" data-element_type=\"section\" data-e-type=\"section\" data-settings=\"{&quot;background_background&quot;:&quot;classic&quot;}\">\n\t\t\t\t\t\t\t<div class=\"elementor-background-overlay\"><\/div>\n\t\t\t\t\t\t\t<div class=\"elementor-container elementor-column-gap-default\">\n\t\t\t\t\t<div class=\"elementor-column elementor-col-100 elementor-top-column elementor-element elementor-element-a3a2e06\" data-id=\"a3a2e06\" data-element_type=\"column\" data-e-type=\"column\">\n\t\t\t<div class=\"elementor-widget-wrap elementor-element-populated\">\n\t\t\t\t\t\t<div class=\"elementor-element elementor-element-b764a4a elementor-widget elementor-widget-heading\" data-id=\"b764a4a\" data-element_type=\"widget\" data-e-type=\"widget\" data-widget_type=\"heading.default\">\n\t\t\t\t<div class=\"elementor-widget-container\">\n\t\t\t\t\t<h2 class=\"elementor-heading-title elementor-size-default\">4.7.4 Informes a organismos de inspecci\u00f3n, vigilancia y control.<\/h2>\t\t\t\t<\/div>\n\t\t\t\t<\/div>\n\t\t\t\t\t<\/div>\n\t\t<\/div>\n\t\t\t\t\t<\/div>\n\t\t<\/section>\n\t\t\t\t<section class=\"elementor-section elementor-top-section elementor-element elementor-element-6b7d54c elementor-section-boxed elementor-section-height-default elementor-section-height-default\" data-id=\"6b7d54c\" data-element_type=\"section\" data-e-type=\"section\" data-settings=\"{&quot;background_background&quot;:&quot;classic&quot;}\">\n\t\t\t\t\t\t<div class=\"elementor-container elementor-column-gap-default\">\n\t\t\t\t\t<div class=\"elementor-column elementor-col-50 elementor-top-column elementor-element elementor-element-8507a2a\" data-id=\"8507a2a\" data-element_type=\"column\" data-e-type=\"column\">\n\t\t\t<div class=\"elementor-widget-wrap elementor-element-populated\">\n\t\t\t\t\t\t<div class=\"elementor-element elementor-element-7cc4c32 elementor-widget elementor-widget-heading\" data-id=\"7cc4c32\" data-element_type=\"widget\" data-e-type=\"widget\" data-widget_type=\"heading.default\">\n\t\t\t\t<div class=\"elementor-widget-container\">\n\t\t\t\t\t<h2 class=\"elementor-heading-title elementor-size-default\">Informes a organismos de inspecci\u00f3n, vigilancia y control.<\/h2>\t\t\t\t<\/div>\n\t\t\t\t<\/div>\n\t\t\t\t<div class=\"elementor-element elementor-element-f4914a1 elementor-align-left elementor-mobile-align-center elementor-widget elementor-widget-button\" data-id=\"f4914a1\" data-element_type=\"widget\" data-e-type=\"widget\" data-widget_type=\"button.default\">\n\t\t\t\t<div class=\"elementor-widget-container\">\n\t\t\t\t\t\t\t\t\t<div class=\"elementor-button-wrapper\">\n\t\t\t\t\t<a class=\"elementor-button elementor-button-link elementor-size-sm elementor-animation-grow\" href=\"https:\/\/transcaribe.gov.co\/index.php\/informes-de-gestion-evaluacion-y-auditoria\/\" target=\"_blank\">\n\t\t\t\t\t\t<span class=\"elementor-button-content-wrapper\">\n\t\t\t\t\t\t\t\t\t<span class=\"elementor-button-text\">CONOCE nuestros Informes a organismos de inspecci\u00f3n, vigilancia y control.<\/span>\n\t\t\t\t\t<\/span>\n\t\t\t\t\t<\/a>\n\t\t\t\t<\/div>\n\t\t\t\t\t\t\t\t<\/div>\n\t\t\t\t<\/div>\n\t\t\t\t\t<\/div>\n\t\t<\/div>\n\t\t\t\t<div class=\"elementor-column elementor-col-50 elementor-top-column elementor-element elementor-element-20cbfb5\" data-id=\"20cbfb5\" data-element_type=\"column\" data-e-type=\"column\">\n\t\t\t<div class=\"elementor-widget-wrap\">\n\t\t\t\t\t\t\t<\/div>\n\t\t<\/div>\n\t\t\t\t\t<\/div>\n\t\t<\/section>\n\t\t\t\t<\/div>\n\t\t<div class='cb-post-url-qr-code'><br><img src='https:\/\/api.qrserver.com\/v1\/create-qr-code\/?size=185x185&ecc=L&qzone=1&data=https%3A%2F%2Ftranscaribe.gov.co%2Findex.php%2Finformes-a-organismos-de-inspeccion-vigilancia-y-control%2F' alt='Informes a organismos de inspecci\u00f3n, vigilancia y control.'\/><\/div>","protected":false},"excerpt":{"rendered":"<p>4.7.4 Informes a organismos de inspecci\u00f3n, vigilancia y control. Informes a organismos de inspecci\u00f3n, vigilancia y control. CONOCE nuestros Informes a organismos de inspecci\u00f3n, vigilancia y control.<\/p>\n","protected":false},"author":1,"featured_media":4475,"parent":0,"menu_order":0,"comment_status":"closed","ping_status":"closed","template":"","meta":{"footnotes":""},"class_list":["post-7937","page","type-page","status-publish","has-post-thumbnail","hentry"],"yoast_head":"<!-- This site is optimized with the Yoast SEO plugin v26.5 - https:\/\/yoast.com\/wordpress\/plugins\/seo\/ -->\n<title>Informes a organismos de inspecci\u00f3n, vigilancia y control. -<\/title>\n<meta name=\"robots\" content=\"index, follow, max-snippet:-1, max-image-preview:large, max-video-preview:-1\" \/>\n<link rel=\"canonical\" href=\"https:\/\/transcaribe.gov.co\/index.php\/informes-a-organismos-de-inspeccion-vigilancia-y-control\/\" \/>\n<meta property=\"og:locale\" content=\"es_ES\" \/>\n<meta property=\"og:type\" content=\"article\" \/>\n<meta property=\"og:title\" content=\"Informes a organismos de inspecci\u00f3n, vigilancia y control. -\" \/>\n<meta property=\"og:description\" content=\"4.7.4 Informes a organismos de inspecci\u00f3n, vigilancia y control. Informes a organismos de inspecci\u00f3n, vigilancia y control. CONOCE nuestros Informes a organismos de inspecci\u00f3n, vigilancia y control.\" \/>\n<meta property=\"og:url\" content=\"https:\/\/transcaribe.gov.co\/index.php\/informes-a-organismos-de-inspeccion-vigilancia-y-control\/\" \/>\n<meta property=\"article:publisher\" content=\"https:\/\/www.facebook.com\/TranscaribeCTG\" \/>\n<meta property=\"article:modified_time\" content=\"2025-12-17T23:58:39+00:00\" \/>\n<meta property=\"og:image\" content=\"https:\/\/transcaribe.gov.co\/wp-content\/uploads\/2023\/10\/cropped-Favicon_Transcaribe.png\" \/>\n\t<meta property=\"og:image:width\" content=\"512\" \/>\n\t<meta property=\"og:image:height\" content=\"512\" \/>\n\t<meta property=\"og:image:type\" content=\"image\/png\" \/>\n<meta name=\"twitter:card\" content=\"summary_large_image\" \/>\n<meta name=\"twitter:site\" content=\"@transcaribeSITM\" \/>\n<meta name=\"twitter:label1\" content=\"Tiempo de lectura\" \/>\n\t<meta name=\"twitter:data1\" content=\"1 minuto\" \/>\n<script type=\"application\/ld+json\" class=\"yoast-schema-graph\">{\"@context\":\"https:\/\/schema.org\",\"@graph\":[{\"@type\":\"WebPage\",\"@id\":\"https:\/\/transcaribe.gov.co\/index.php\/informes-a-organismos-de-inspeccion-vigilancia-y-control\/\",\"url\":\"https:\/\/transcaribe.gov.co\/index.php\/informes-a-organismos-de-inspeccion-vigilancia-y-control\/\",\"name\":\"Informes a organismos de inspecci\u00f3n, vigilancia y control. -\",\"isPartOf\":{\"@id\":\"https:\/\/transcaribe.gov.co\/#website\"},\"primaryImageOfPage\":{\"@id\":\"https:\/\/transcaribe.gov.co\/index.php\/informes-a-organismos-de-inspeccion-vigilancia-y-control\/#primaryimage\"},\"image\":{\"@id\":\"https:\/\/transcaribe.gov.co\/index.php\/informes-a-organismos-de-inspeccion-vigilancia-y-control\/#primaryimage\"},\"thumbnailUrl\":\"https:\/\/transcaribe.gov.co\/wp-content\/uploads\/2023\/10\/cropped-Favicon_Transcaribe.png\",\"datePublished\":\"2025-12-17T23:56:26+00:00\",\"dateModified\":\"2025-12-17T23:58:39+00:00\",\"breadcrumb\":{\"@id\":\"https:\/\/transcaribe.gov.co\/index.php\/informes-a-organismos-de-inspeccion-vigilancia-y-control\/#breadcrumb\"},\"inLanguage\":\"es\",\"potentialAction\":[{\"@type\":\"ReadAction\",\"target\":[\"https:\/\/transcaribe.gov.co\/index.php\/informes-a-organismos-de-inspeccion-vigilancia-y-control\/\"]}]},{\"@type\":\"ImageObject\",\"inLanguage\":\"es\",\"@id\":\"https:\/\/transcaribe.gov.co\/index.php\/informes-a-organismos-de-inspeccion-vigilancia-y-control\/#primaryimage\",\"url\":\"https:\/\/transcaribe.gov.co\/wp-content\/uploads\/2023\/10\/cropped-Favicon_Transcaribe.png\",\"contentUrl\":\"https:\/\/transcaribe.gov.co\/wp-content\/uploads\/2023\/10\/cropped-Favicon_Transcaribe.png\",\"width\":512,\"height\":512},{\"@type\":\"BreadcrumbList\",\"@id\":\"https:\/\/transcaribe.gov.co\/index.php\/informes-a-organismos-de-inspeccion-vigilancia-y-control\/#breadcrumb\",\"itemListElement\":[{\"@type\":\"ListItem\",\"position\":1,\"name\":\"Portada\",\"item\":\"https:\/\/transcaribe.gov.co\/\"},{\"@type\":\"ListItem\",\"position\":2,\"name\":\"Informes a organismos de inspecci\u00f3n, vigilancia y control.\"}]},{\"@type\":\"WebSite\",\"@id\":\"https:\/\/transcaribe.gov.co\/#website\",\"url\":\"https:\/\/transcaribe.gov.co\/\",\"name\":\"TRANSCARIBE\",\"description\":\"\",\"publisher\":{\"@id\":\"https:\/\/transcaribe.gov.co\/#organization\"},\"potentialAction\":[{\"@type\":\"SearchAction\",\"target\":{\"@type\":\"EntryPoint\",\"urlTemplate\":\"https:\/\/transcaribe.gov.co\/?s={search_term_string}\"},\"query-input\":{\"@type\":\"PropertyValueSpecification\",\"valueRequired\":true,\"valueName\":\"search_term_string\"}}],\"inLanguage\":\"es\"},{\"@type\":\"Organization\",\"@id\":\"https:\/\/transcaribe.gov.co\/#organization\",\"name\":\"TRANSCARIBE S.A.\",\"url\":\"https:\/\/transcaribe.gov.co\/\",\"logo\":{\"@type\":\"ImageObject\",\"inLanguage\":\"es\",\"@id\":\"https:\/\/transcaribe.gov.co\/#\/schema\/logo\/image\/\",\"url\":\"https:\/\/transcaribe.gov.co\/wp-content\/uploads\/2023\/10\/cropped-Favicon_Transcaribe.png\",\"contentUrl\":\"https:\/\/transcaribe.gov.co\/wp-content\/uploads\/2023\/10\/cropped-Favicon_Transcaribe.png\",\"width\":512,\"height\":512,\"caption\":\"TRANSCARIBE S.A.\"},\"image\":{\"@id\":\"https:\/\/transcaribe.gov.co\/#\/schema\/logo\/image\/\"},\"sameAs\":[\"https:\/\/www.facebook.com\/TranscaribeCTG\",\"https:\/\/x.com\/transcaribeSITM\",\"https:\/\/www.instagram.com\/Transcaribecartagena\/\",\"https:\/\/www.youtube.com\/channel\/UCyM8-7H1Ux9hsYGlCkSkQaA\"]}]}<\/script>\n<!-- \/ Yoast SEO plugin. -->","yoast_head_json":{"title":"Informes a organismos de inspecci\u00f3n, vigilancia y control. -","robots":{"index":"index","follow":"follow","max-snippet":"max-snippet:-1","max-image-preview":"max-image-preview:large","max-video-preview":"max-video-preview:-1"},"canonical":"https:\/\/transcaribe.gov.co\/index.php\/informes-a-organismos-de-inspeccion-vigilancia-y-control\/","og_locale":"es_ES","og_type":"article","og_title":"Informes a organismos de inspecci\u00f3n, vigilancia y control. -","og_description":"4.7.4 Informes a organismos de inspecci\u00f3n, vigilancia y control. Informes a organismos de inspecci\u00f3n, vigilancia y control. CONOCE nuestros Informes a organismos de inspecci\u00f3n, vigilancia y control.","og_url":"https:\/\/transcaribe.gov.co\/index.php\/informes-a-organismos-de-inspeccion-vigilancia-y-control\/","article_publisher":"https:\/\/www.facebook.com\/TranscaribeCTG","article_modified_time":"2025-12-17T23:58:39+00:00","og_image":[{"width":512,"height":512,"url":"https:\/\/transcaribe.gov.co\/wp-content\/uploads\/2023\/10\/cropped-Favicon_Transcaribe.png","type":"image\/png"}],"twitter_card":"summary_large_image","twitter_site":"@transcaribeSITM","twitter_misc":{"Tiempo de lectura":"1 minuto"},"schema":{"@context":"https:\/\/schema.org","@graph":[{"@type":"WebPage","@id":"https:\/\/transcaribe.gov.co\/index.php\/informes-a-organismos-de-inspeccion-vigilancia-y-control\/","url":"https:\/\/transcaribe.gov.co\/index.php\/informes-a-organismos-de-inspeccion-vigilancia-y-control\/","name":"Informes a organismos de inspecci\u00f3n, vigilancia y control. -","isPartOf":{"@id":"https:\/\/transcaribe.gov.co\/#website"},"primaryImageOfPage":{"@id":"https:\/\/transcaribe.gov.co\/index.php\/informes-a-organismos-de-inspeccion-vigilancia-y-control\/#primaryimage"},"image":{"@id":"https:\/\/transcaribe.gov.co\/index.php\/informes-a-organismos-de-inspeccion-vigilancia-y-control\/#primaryimage"},"thumbnailUrl":"https:\/\/transcaribe.gov.co\/wp-content\/uploads\/2023\/10\/cropped-Favicon_Transcaribe.png","datePublished":"2025-12-17T23:56:26+00:00","dateModified":"2025-12-17T23:58:39+00:00","breadcrumb":{"@id":"https:\/\/transcaribe.gov.co\/index.php\/informes-a-organismos-de-inspeccion-vigilancia-y-control\/#breadcrumb"},"inLanguage":"es","potentialAction":[{"@type":"ReadAction","target":["https:\/\/transcaribe.gov.co\/index.php\/informes-a-organismos-de-inspeccion-vigilancia-y-control\/"]}]},{"@type":"ImageObject","inLanguage":"es","@id":"https:\/\/transcaribe.gov.co\/index.php\/informes-a-organismos-de-inspeccion-vigilancia-y-control\/#primaryimage","url":"https:\/\/transcaribe.gov.co\/wp-content\/uploads\/2023\/10\/cropped-Favicon_Transcaribe.png","contentUrl":"https:\/\/transcaribe.gov.co\/wp-content\/uploads\/2023\/10\/cropped-Favicon_Transcaribe.png","width":512,"height":512},{"@type":"BreadcrumbList","@id":"https:\/\/transcaribe.gov.co\/index.php\/informes-a-organismos-de-inspeccion-vigilancia-y-control\/#breadcrumb","itemListElement":[{"@type":"ListItem","position":1,"name":"Portada","item":"https:\/\/transcaribe.gov.co\/"},{"@type":"ListItem","position":2,"name":"Informes a organismos de inspecci\u00f3n, vigilancia y control."}]},{"@type":"WebSite","@id":"https:\/\/transcaribe.gov.co\/#website","url":"https:\/\/transcaribe.gov.co\/","name":"TRANSCARIBE","description":"","publisher":{"@id":"https:\/\/transcaribe.gov.co\/#organization"},"potentialAction":[{"@type":"SearchAction","target":{"@type":"EntryPoint","urlTemplate":"https:\/\/transcaribe.gov.co\/?s={search_term_string}"},"query-input":{"@type":"PropertyValueSpecification","valueRequired":true,"valueName":"search_term_string"}}],"inLanguage":"es"},{"@type":"Organization","@id":"https:\/\/transcaribe.gov.co\/#organization","name":"TRANSCARIBE S.A.","url":"https:\/\/transcaribe.gov.co\/","logo":{"@type":"ImageObject","inLanguage":"es","@id":"https:\/\/transcaribe.gov.co\/#\/schema\/logo\/image\/","url":"https:\/\/transcaribe.gov.co\/wp-content\/uploads\/2023\/10\/cropped-Favicon_Transcaribe.png","contentUrl":"https:\/\/transcaribe.gov.co\/wp-content\/uploads\/2023\/10\/cropped-Favicon_Transcaribe.png","width":512,"height":512,"caption":"TRANSCARIBE S.A."},"image":{"@id":"https:\/\/transcaribe.gov.co\/#\/schema\/logo\/image\/"},"sameAs":["https:\/\/www.facebook.com\/TranscaribeCTG","https:\/\/x.com\/transcaribeSITM","https:\/\/www.instagram.com\/Transcaribecartagena\/","https:\/\/www.youtube.com\/channel\/UCyM8-7H1Ux9hsYGlCkSkQaA"]}]}},"_links":{"self":[{"href":"https:\/\/transcaribe.gov.co\/index.php\/wp-json\/wp\/v2\/pages\/7937","targetHints":{"allow":["GET"]}}],"collection":[{"href":"https:\/\/transcaribe.gov.co\/index.php\/wp-json\/wp\/v2\/pages"}],"about":[{"href":"https:\/\/transcaribe.gov.co\/index.php\/wp-json\/wp\/v2\/types\/page"}],"author":[{"embeddable":true,"href":"https:\/\/transcaribe.gov.co\/index.php\/wp-json\/wp\/v2\/users\/1"}],"replies":[{"embeddable":true,"href":"https:\/\/transcaribe.gov.co\/index.php\/wp-json\/wp\/v2\/comments?post=7937"}],"version-history":[{"count":4,"href":"https:\/\/transcaribe.gov.co\/index.php\/wp-json\/wp\/v2\/pages\/7937\/revisions"}],"predecessor-version":[{"id":7941,"href":"https:\/\/transcaribe.gov.co\/index.php\/wp-json\/wp\/v2\/pages\/7937\/revisions\/7941"}],"wp:featuredmedia":[{"embeddable":true,"href":"https:\/\/transcaribe.gov.co\/index.php\/wp-json\/wp\/v2\/media\/4475"}],"wp:attachment":[{"href":"https:\/\/transcaribe.gov.co\/index.php\/wp-json\/wp\/v2\/media?parent=7937"}],"curies":[{"name":"wp","href":"https:\/\/api.w.org\/{rel}","templated":true}]}}