{"id":7842,"date":"2025-12-17T14:56:01","date_gmt":"2025-12-17T19:56:01","guid":{"rendered":"https:\/\/transcaribe.gov.co\/?page_id=7842"},"modified":"2025-12-17T15:05:30","modified_gmt":"2025-12-17T20:05:30","slug":"busqueda-de-normas-y-proyectos-de-normas-para-comentarios","status":"publish","type":"page","link":"https:\/\/transcaribe.gov.co\/index.php\/busqueda-de-normas-y-proyectos-de-normas-para-comentarios\/","title":{"rendered":"B\u00fasqueda de normas y Proyectos de normas para comentarios"},"content":{"rendered":"\t\t<div data-elementor-type=\"wp-page\" data-elementor-id=\"7842\" class=\"elementor elementor-7842\" data-elementor-post-type=\"page\">\n\t\t\t\t\t\t<section class=\"elementor-section elementor-top-section elementor-element elementor-element-3492284 elementor-section-boxed elementor-section-height-default elementor-section-height-default\" data-id=\"3492284\" data-element_type=\"section\" data-e-type=\"section\" data-settings=\"{&quot;background_background&quot;:&quot;classic&quot;}\">\n\t\t\t\t\t\t\t<div class=\"elementor-background-overlay\"><\/div>\n\t\t\t\t\t\t\t<div class=\"elementor-container elementor-column-gap-default\">\n\t\t\t\t\t<div class=\"elementor-column elementor-col-100 elementor-top-column elementor-element elementor-element-aecf11a\" data-id=\"aecf11a\" data-element_type=\"column\" data-e-type=\"column\">\n\t\t\t<div class=\"elementor-widget-wrap elementor-element-populated\">\n\t\t\t\t\t\t<div class=\"elementor-element elementor-element-1fa5830 elementor-widget elementor-widget-heading\" data-id=\"1fa5830\" data-element_type=\"widget\" data-e-type=\"widget\" data-widget_type=\"heading.default\">\n\t\t\t\t<div class=\"elementor-widget-container\">\n\t\t\t\t\t<h2 class=\"elementor-heading-title elementor-size-default\">Busqueda y proyectos de normas <\/h2>\t\t\t\t<\/div>\n\t\t\t\t<\/div>\n\t\t\t\t\t<\/div>\n\t\t<\/div>\n\t\t\t\t\t<\/div>\n\t\t<\/section>\n\t\t\t\t<section class=\"elementor-section elementor-top-section elementor-element elementor-element-a39acb6 elementor-section-boxed elementor-section-height-default elementor-section-height-default\" data-id=\"a39acb6\" data-element_type=\"section\" data-e-type=\"section\" data-settings=\"{&quot;background_background&quot;:&quot;classic&quot;}\">\n\t\t\t\t\t\t<div class=\"elementor-container elementor-column-gap-default\">\n\t\t\t\t\t<div class=\"elementor-column elementor-col-50 elementor-top-column elementor-element elementor-element-a40fa1e\" data-id=\"a40fa1e\" data-element_type=\"column\" data-e-type=\"column\">\n\t\t\t<div class=\"elementor-widget-wrap elementor-element-populated\">\n\t\t\t\t\t\t<div class=\"elementor-element elementor-element-50bc5aa elementor-widget elementor-widget-heading\" data-id=\"50bc5aa\" data-element_type=\"widget\" data-e-type=\"widget\" data-widget_type=\"heading.default\">\n\t\t\t\t<div class=\"elementor-widget-container\">\n\t\t\t\t\t<h2 class=\"elementor-heading-title elementor-size-default\">Sistema \u00danico de Informaci\u00f3n Normativa \u2013 SUIN.<\/h2>\t\t\t\t<\/div>\n\t\t\t\t<\/div>\n\t\t\t\t<div class=\"elementor-element elementor-element-63801d2 elementor-align-left elementor-mobile-align-center elementor-widget elementor-widget-button\" data-id=\"63801d2\" data-element_type=\"widget\" data-e-type=\"widget\" data-widget_type=\"button.default\">\n\t\t\t\t<div class=\"elementor-widget-container\">\n\t\t\t\t\t\t\t\t\t<div class=\"elementor-button-wrapper\">\n\t\t\t\t\t<a class=\"elementor-button elementor-button-link elementor-size-sm elementor-animation-grow\" href=\"https:\/\/www.suin-juriscol.gov.co\/legislacion\/normatividad.html\" target=\"_blank\">\n\t\t\t\t\t\t<span class=\"elementor-button-content-wrapper\">\n\t\t\t\t\t\t\t\t\t<span class=\"elementor-button-text\">ingresa al Sistema \u00danico de Informaci\u00f3n Normativa \u2013 SUIN.<\/span>\n\t\t\t\t\t<\/span>\n\t\t\t\t\t<\/a>\n\t\t\t\t<\/div>\n\t\t\t\t\t\t\t\t<\/div>\n\t\t\t\t<\/div>\n\t\t\t\t<div class=\"elementor-element elementor-element-b3871b5 elementor-widget elementor-widget-heading\" data-id=\"b3871b5\" data-element_type=\"widget\" data-e-type=\"widget\" data-widget_type=\"heading.default\">\n\t\t\t\t<div class=\"elementor-widget-container\">\n\t\t\t\t\t<h2 class=\"elementor-heading-title elementor-size-default\">Plataforma Participaci\u00f3n ciudadana de normas <\/h2>\t\t\t\t<\/div>\n\t\t\t\t<\/div>\n\t\t\t\t<div class=\"elementor-element elementor-element-1d95d28 elementor-align-left elementor-mobile-align-center elementor-widget elementor-widget-button\" data-id=\"1d95d28\" data-element_type=\"widget\" data-e-type=\"widget\" data-widget_type=\"button.default\">\n\t\t\t\t<div class=\"elementor-widget-container\">\n\t\t\t\t\t\t\t\t\t<div class=\"elementor-button-wrapper\">\n\t\t\t\t\t<a class=\"elementor-button elementor-button-link elementor-size-sm elementor-animation-grow\" href=\"https:\/\/www.sucop.gov.co\/\" target=\"_blank\">\n\t\t\t\t\t\t<span class=\"elementor-button-content-wrapper\">\n\t\t\t\t\t\t\t\t\t<span class=\"elementor-button-text\">INGRESA A SUCOP<\/span>\n\t\t\t\t\t<\/span>\n\t\t\t\t\t<\/a>\n\t\t\t\t<\/div>\n\t\t\t\t\t\t\t\t<\/div>\n\t\t\t\t<\/div>\n\t\t\t\t\t<\/div>\n\t\t<\/div>\n\t\t\t\t<div class=\"elementor-column elementor-col-50 elementor-top-column elementor-element elementor-element-cede73f\" data-id=\"cede73f\" data-element_type=\"column\" data-e-type=\"column\">\n\t\t\t<div class=\"elementor-widget-wrap elementor-element-populated\">\n\t\t\t\t\t\t<div class=\"elementor-element elementor-element-8e4cb87 elementor-widget elementor-widget-heading\" data-id=\"8e4cb87\" data-element_type=\"widget\" data-e-type=\"widget\" data-widget_type=\"heading.default\">\n\t\t\t\t<div class=\"elementor-widget-container\">\n\t\t\t\t\t<h2 class=\"elementor-heading-title elementor-size-default\">Consulta P\u00fablica de Proyectos Espec\u00edficos de Regulaci\u00f3n<\/h2>\t\t\t\t<\/div>\n\t\t\t\t<\/div>\n\t\t\t\t<div class=\"elementor-element elementor-element-451877b elementor-align-left elementor-mobile-align-center elementor-widget elementor-widget-button\" data-id=\"451877b\" data-element_type=\"widget\" data-e-type=\"widget\" data-widget_type=\"button.default\">\n\t\t\t\t<div class=\"elementor-widget-container\">\n\t\t\t\t\t\t\t\t\t<div class=\"elementor-button-wrapper\">\n\t\t\t\t\t<a class=\"elementor-button elementor-button-link elementor-size-sm elementor-animation-grow\" href=\"https:\/\/mejoranormativa.cartagena.gov.co\/destacados\/proyectos-especificos-regulacion\" target=\"_blank\">\n\t\t\t\t\t\t<span class=\"elementor-button-content-wrapper\">\n\t\t\t\t\t\t\t\t\t<span class=\"elementor-button-text\">Consulta Proyectos normativos.<\/span>\n\t\t\t\t\t<\/span>\n\t\t\t\t\t<\/a>\n\t\t\t\t<\/div>\n\t\t\t\t\t\t\t\t<\/div>\n\t\t\t\t<\/div>\n\t\t\t\t<div class=\"elementor-element elementor-element-a7451ac elementor-widget elementor-widget-heading\" data-id=\"a7451ac\" data-element_type=\"widget\" data-e-type=\"widget\" data-widget_type=\"heading.default\">\n\t\t\t\t<div class=\"elementor-widget-container\">\n\t\t\t\t\t<h2 class=\"elementor-heading-title elementor-size-default\">Comentarios y documento de respuesta a comentarios.<\/h2>\t\t\t\t<\/div>\n\t\t\t\t<\/div>\n\t\t\t\t<div class=\"elementor-element elementor-element-f30744c elementor-align-left elementor-mobile-align-center elementor-widget elementor-widget-button\" data-id=\"f30744c\" data-element_type=\"widget\" data-e-type=\"widget\" data-widget_type=\"button.default\">\n\t\t\t\t<div class=\"elementor-widget-container\">\n\t\t\t\t\t\t\t\t\t<div class=\"elementor-button-wrapper\">\n\t\t\t\t\t<a class=\"elementor-button elementor-button-link elementor-size-sm elementor-animation-grow\" href=\"https:\/\/mejoranormativa.cartagena.gov.co\/destacados\/proyectos-especificos-regulacion\" target=\"_blank\">\n\t\t\t\t\t\t<span class=\"elementor-button-content-wrapper\">\n\t\t\t\t\t\t\t\t\t<span class=\"elementor-button-text\">Consulta los Comentarios y documento de respuesta a comentarios.<\/span>\n\t\t\t\t\t<\/span>\n\t\t\t\t\t<\/a>\n\t\t\t\t<\/div>\n\t\t\t\t\t\t\t\t<\/div>\n\t\t\t\t<\/div>\n\t\t\t\t\t<\/div>\n\t\t<\/div>\n\t\t\t\t\t<\/div>\n\t\t<\/section>\n\t\t\t\t<\/div>\n\t\t<div class='cb-post-url-qr-code'><br><img src='https:\/\/api.qrserver.com\/v1\/create-qr-code\/?size=185x185&ecc=L&qzone=1&data=https%3A%2F%2Ftranscaribe.gov.co%2Findex.php%2Fbusqueda-de-normas-y-proyectos-de-normas-para-comentarios%2F' alt='B\u00fasqueda de normas y Proyectos de normas para comentarios'\/><\/div>","protected":false},"excerpt":{"rendered":"<p>Busqueda y proyectos de normas Sistema \u00danico de Informaci\u00f3n Normativa \u2013 SUIN. ingresa al Sistema \u00danico de Informaci\u00f3n Normativa \u2013 SUIN. Plataforma Participaci\u00f3n ciudadana de normas INGRESA A SUCOP Consulta P\u00fablica de Proyectos Espec\u00edficos de Regulaci\u00f3n Consulta Proyectos normativos. Comentarios y documento de respuesta a comentarios. Consulta los Comentarios y documento de respuesta a comentarios.<\/p>\n","protected":false},"author":1,"featured_media":4475,"parent":0,"menu_order":0,"comment_status":"closed","ping_status":"closed","template":"","meta":{"footnotes":""},"class_list":["post-7842","page","type-page","status-publish","has-post-thumbnail","hentry"],"yoast_head":"<!-- This site is optimized with the Yoast SEO plugin v26.5 - https:\/\/yoast.com\/wordpress\/plugins\/seo\/ -->\n<title>B\u00fasqueda de normas y Proyectos de normas para comentarios -<\/title>\n<meta name=\"robots\" content=\"index, follow, max-snippet:-1, max-image-preview:large, max-video-preview:-1\" \/>\n<link rel=\"canonical\" href=\"https:\/\/transcaribe.gov.co\/index.php\/busqueda-de-normas-y-proyectos-de-normas-para-comentarios\/\" \/>\n<meta property=\"og:locale\" content=\"es_ES\" \/>\n<meta property=\"og:type\" content=\"article\" \/>\n<meta property=\"og:title\" content=\"B\u00fasqueda de normas y Proyectos de normas para comentarios -\" \/>\n<meta property=\"og:description\" content=\"Busqueda y proyectos de normas Sistema \u00danico de Informaci\u00f3n Normativa \u2013 SUIN. ingresa al Sistema \u00danico de Informaci\u00f3n Normativa \u2013 SUIN. Plataforma Participaci\u00f3n ciudadana de normas INGRESA A SUCOP Consulta P\u00fablica de Proyectos Espec\u00edficos de Regulaci\u00f3n Consulta Proyectos normativos. Comentarios y documento de respuesta a comentarios. Consulta los Comentarios y documento de respuesta a comentarios.\" \/>\n<meta property=\"og:url\" content=\"https:\/\/transcaribe.gov.co\/index.php\/busqueda-de-normas-y-proyectos-de-normas-para-comentarios\/\" \/>\n<meta property=\"article:publisher\" content=\"https:\/\/www.facebook.com\/TranscaribeCTG\" \/>\n<meta property=\"article:modified_time\" content=\"2025-12-17T20:05:30+00:00\" \/>\n<meta property=\"og:image\" content=\"https:\/\/transcaribe.gov.co\/wp-content\/uploads\/2023\/10\/cropped-Favicon_Transcaribe.png\" \/>\n\t<meta property=\"og:image:width\" content=\"512\" \/>\n\t<meta property=\"og:image:height\" content=\"512\" \/>\n\t<meta property=\"og:image:type\" content=\"image\/png\" \/>\n<meta name=\"twitter:card\" content=\"summary_large_image\" \/>\n<meta name=\"twitter:site\" content=\"@transcaribeSITM\" \/>\n<meta name=\"twitter:label1\" content=\"Tiempo de lectura\" \/>\n\t<meta name=\"twitter:data1\" content=\"1 minuto\" \/>\n<script type=\"application\/ld+json\" class=\"yoast-schema-graph\">{\"@context\":\"https:\/\/schema.org\",\"@graph\":[{\"@type\":\"WebPage\",\"@id\":\"https:\/\/transcaribe.gov.co\/index.php\/busqueda-de-normas-y-proyectos-de-normas-para-comentarios\/\",\"url\":\"https:\/\/transcaribe.gov.co\/index.php\/busqueda-de-normas-y-proyectos-de-normas-para-comentarios\/\",\"name\":\"B\u00fasqueda de normas y Proyectos de normas para comentarios -\",\"isPartOf\":{\"@id\":\"https:\/\/transcaribe.gov.co\/#website\"},\"primaryImageOfPage\":{\"@id\":\"https:\/\/transcaribe.gov.co\/index.php\/busqueda-de-normas-y-proyectos-de-normas-para-comentarios\/#primaryimage\"},\"image\":{\"@id\":\"https:\/\/transcaribe.gov.co\/index.php\/busqueda-de-normas-y-proyectos-de-normas-para-comentarios\/#primaryimage\"},\"thumbnailUrl\":\"https:\/\/transcaribe.gov.co\/wp-content\/uploads\/2023\/10\/cropped-Favicon_Transcaribe.png\",\"datePublished\":\"2025-12-17T19:56:01+00:00\",\"dateModified\":\"2025-12-17T20:05:30+00:00\",\"breadcrumb\":{\"@id\":\"https:\/\/transcaribe.gov.co\/index.php\/busqueda-de-normas-y-proyectos-de-normas-para-comentarios\/#breadcrumb\"},\"inLanguage\":\"es\",\"potentialAction\":[{\"@type\":\"ReadAction\",\"target\":[\"https:\/\/transcaribe.gov.co\/index.php\/busqueda-de-normas-y-proyectos-de-normas-para-comentarios\/\"]}]},{\"@type\":\"ImageObject\",\"inLanguage\":\"es\",\"@id\":\"https:\/\/transcaribe.gov.co\/index.php\/busqueda-de-normas-y-proyectos-de-normas-para-comentarios\/#primaryimage\",\"url\":\"https:\/\/transcaribe.gov.co\/wp-content\/uploads\/2023\/10\/cropped-Favicon_Transcaribe.png\",\"contentUrl\":\"https:\/\/transcaribe.gov.co\/wp-content\/uploads\/2023\/10\/cropped-Favicon_Transcaribe.png\",\"width\":512,\"height\":512},{\"@type\":\"BreadcrumbList\",\"@id\":\"https:\/\/transcaribe.gov.co\/index.php\/busqueda-de-normas-y-proyectos-de-normas-para-comentarios\/#breadcrumb\",\"itemListElement\":[{\"@type\":\"ListItem\",\"position\":1,\"name\":\"Portada\",\"item\":\"https:\/\/transcaribe.gov.co\/\"},{\"@type\":\"ListItem\",\"position\":2,\"name\":\"B\u00fasqueda de normas y Proyectos de normas para comentarios\"}]},{\"@type\":\"WebSite\",\"@id\":\"https:\/\/transcaribe.gov.co\/#website\",\"url\":\"https:\/\/transcaribe.gov.co\/\",\"name\":\"TRANSCARIBE\",\"description\":\"\",\"publisher\":{\"@id\":\"https:\/\/transcaribe.gov.co\/#organization\"},\"potentialAction\":[{\"@type\":\"SearchAction\",\"target\":{\"@type\":\"EntryPoint\",\"urlTemplate\":\"https:\/\/transcaribe.gov.co\/?s={search_term_string}\"},\"query-input\":{\"@type\":\"PropertyValueSpecification\",\"valueRequired\":true,\"valueName\":\"search_term_string\"}}],\"inLanguage\":\"es\"},{\"@type\":\"Organization\",\"@id\":\"https:\/\/transcaribe.gov.co\/#organization\",\"name\":\"TRANSCARIBE S.A.\",\"url\":\"https:\/\/transcaribe.gov.co\/\",\"logo\":{\"@type\":\"ImageObject\",\"inLanguage\":\"es\",\"@id\":\"https:\/\/transcaribe.gov.co\/#\/schema\/logo\/image\/\",\"url\":\"https:\/\/transcaribe.gov.co\/wp-content\/uploads\/2023\/10\/cropped-Favicon_Transcaribe.png\",\"contentUrl\":\"https:\/\/transcaribe.gov.co\/wp-content\/uploads\/2023\/10\/cropped-Favicon_Transcaribe.png\",\"width\":512,\"height\":512,\"caption\":\"TRANSCARIBE S.A.\"},\"image\":{\"@id\":\"https:\/\/transcaribe.gov.co\/#\/schema\/logo\/image\/\"},\"sameAs\":[\"https:\/\/www.facebook.com\/TranscaribeCTG\",\"https:\/\/x.com\/transcaribeSITM\",\"https:\/\/www.instagram.com\/Transcaribecartagena\/\",\"https:\/\/www.youtube.com\/channel\/UCyM8-7H1Ux9hsYGlCkSkQaA\"]}]}<\/script>\n<!-- \/ Yoast SEO plugin. -->","yoast_head_json":{"title":"B\u00fasqueda de normas y Proyectos de normas para comentarios -","robots":{"index":"index","follow":"follow","max-snippet":"max-snippet:-1","max-image-preview":"max-image-preview:large","max-video-preview":"max-video-preview:-1"},"canonical":"https:\/\/transcaribe.gov.co\/index.php\/busqueda-de-normas-y-proyectos-de-normas-para-comentarios\/","og_locale":"es_ES","og_type":"article","og_title":"B\u00fasqueda de normas y Proyectos de normas para comentarios -","og_description":"Busqueda y proyectos de normas Sistema \u00danico de Informaci\u00f3n Normativa \u2013 SUIN. ingresa al Sistema \u00danico de Informaci\u00f3n Normativa \u2013 SUIN. Plataforma Participaci\u00f3n ciudadana de normas INGRESA A SUCOP Consulta P\u00fablica de Proyectos Espec\u00edficos de Regulaci\u00f3n Consulta Proyectos normativos. Comentarios y documento de respuesta a comentarios. Consulta los Comentarios y documento de respuesta a comentarios.","og_url":"https:\/\/transcaribe.gov.co\/index.php\/busqueda-de-normas-y-proyectos-de-normas-para-comentarios\/","article_publisher":"https:\/\/www.facebook.com\/TranscaribeCTG","article_modified_time":"2025-12-17T20:05:30+00:00","og_image":[{"width":512,"height":512,"url":"https:\/\/transcaribe.gov.co\/wp-content\/uploads\/2023\/10\/cropped-Favicon_Transcaribe.png","type":"image\/png"}],"twitter_card":"summary_large_image","twitter_site":"@transcaribeSITM","twitter_misc":{"Tiempo de lectura":"1 minuto"},"schema":{"@context":"https:\/\/schema.org","@graph":[{"@type":"WebPage","@id":"https:\/\/transcaribe.gov.co\/index.php\/busqueda-de-normas-y-proyectos-de-normas-para-comentarios\/","url":"https:\/\/transcaribe.gov.co\/index.php\/busqueda-de-normas-y-proyectos-de-normas-para-comentarios\/","name":"B\u00fasqueda de normas y Proyectos de normas para comentarios -","isPartOf":{"@id":"https:\/\/transcaribe.gov.co\/#website"},"primaryImageOfPage":{"@id":"https:\/\/transcaribe.gov.co\/index.php\/busqueda-de-normas-y-proyectos-de-normas-para-comentarios\/#primaryimage"},"image":{"@id":"https:\/\/transcaribe.gov.co\/index.php\/busqueda-de-normas-y-proyectos-de-normas-para-comentarios\/#primaryimage"},"thumbnailUrl":"https:\/\/transcaribe.gov.co\/wp-content\/uploads\/2023\/10\/cropped-Favicon_Transcaribe.png","datePublished":"2025-12-17T19:56:01+00:00","dateModified":"2025-12-17T20:05:30+00:00","breadcrumb":{"@id":"https:\/\/transcaribe.gov.co\/index.php\/busqueda-de-normas-y-proyectos-de-normas-para-comentarios\/#breadcrumb"},"inLanguage":"es","potentialAction":[{"@type":"ReadAction","target":["https:\/\/transcaribe.gov.co\/index.php\/busqueda-de-normas-y-proyectos-de-normas-para-comentarios\/"]}]},{"@type":"ImageObject","inLanguage":"es","@id":"https:\/\/transcaribe.gov.co\/index.php\/busqueda-de-normas-y-proyectos-de-normas-para-comentarios\/#primaryimage","url":"https:\/\/transcaribe.gov.co\/wp-content\/uploads\/2023\/10\/cropped-Favicon_Transcaribe.png","contentUrl":"https:\/\/transcaribe.gov.co\/wp-content\/uploads\/2023\/10\/cropped-Favicon_Transcaribe.png","width":512,"height":512},{"@type":"BreadcrumbList","@id":"https:\/\/transcaribe.gov.co\/index.php\/busqueda-de-normas-y-proyectos-de-normas-para-comentarios\/#breadcrumb","itemListElement":[{"@type":"ListItem","position":1,"name":"Portada","item":"https:\/\/transcaribe.gov.co\/"},{"@type":"ListItem","position":2,"name":"B\u00fasqueda de normas y Proyectos de normas para comentarios"}]},{"@type":"WebSite","@id":"https:\/\/transcaribe.gov.co\/#website","url":"https:\/\/transcaribe.gov.co\/","name":"TRANSCARIBE","description":"","publisher":{"@id":"https:\/\/transcaribe.gov.co\/#organization"},"potentialAction":[{"@type":"SearchAction","target":{"@type":"EntryPoint","urlTemplate":"https:\/\/transcaribe.gov.co\/?s={search_term_string}"},"query-input":{"@type":"PropertyValueSpecification","valueRequired":true,"valueName":"search_term_string"}}],"inLanguage":"es"},{"@type":"Organization","@id":"https:\/\/transcaribe.gov.co\/#organization","name":"TRANSCARIBE S.A.","url":"https:\/\/transcaribe.gov.co\/","logo":{"@type":"ImageObject","inLanguage":"es","@id":"https:\/\/transcaribe.gov.co\/#\/schema\/logo\/image\/","url":"https:\/\/transcaribe.gov.co\/wp-content\/uploads\/2023\/10\/cropped-Favicon_Transcaribe.png","contentUrl":"https:\/\/transcaribe.gov.co\/wp-content\/uploads\/2023\/10\/cropped-Favicon_Transcaribe.png","width":512,"height":512,"caption":"TRANSCARIBE S.A."},"image":{"@id":"https:\/\/transcaribe.gov.co\/#\/schema\/logo\/image\/"},"sameAs":["https:\/\/www.facebook.com\/TranscaribeCTG","https:\/\/x.com\/transcaribeSITM","https:\/\/www.instagram.com\/Transcaribecartagena\/","https:\/\/www.youtube.com\/channel\/UCyM8-7H1Ux9hsYGlCkSkQaA"]}]}},"_links":{"self":[{"href":"https:\/\/transcaribe.gov.co\/index.php\/wp-json\/wp\/v2\/pages\/7842","targetHints":{"allow":["GET"]}}],"collection":[{"href":"https:\/\/transcaribe.gov.co\/index.php\/wp-json\/wp\/v2\/pages"}],"about":[{"href":"https:\/\/transcaribe.gov.co\/index.php\/wp-json\/wp\/v2\/types\/page"}],"author":[{"embeddable":true,"href":"https:\/\/transcaribe.gov.co\/index.php\/wp-json\/wp\/v2\/users\/1"}],"replies":[{"embeddable":true,"href":"https:\/\/transcaribe.gov.co\/index.php\/wp-json\/wp\/v2\/comments?post=7842"}],"version-history":[{"count":15,"href":"https:\/\/transcaribe.gov.co\/index.php\/wp-json\/wp\/v2\/pages\/7842\/revisions"}],"predecessor-version":[{"id":7857,"href":"https:\/\/transcaribe.gov.co\/index.php\/wp-json\/wp\/v2\/pages\/7842\/revisions\/7857"}],"wp:featuredmedia":[{"embeddable":true,"href":"https:\/\/transcaribe.gov.co\/index.php\/wp-json\/wp\/v2\/media\/4475"}],"wp:attachment":[{"href":"https:\/\/transcaribe.gov.co\/index.php\/wp-json\/wp\/v2\/media?parent=7842"}],"curies":[{"name":"wp","href":"https:\/\/api.w.org\/{rel}","templated":true}]}}