{"id":7784,"date":"2025-12-17T13:25:44","date_gmt":"2025-12-17T18:25:44","guid":{"rendered":"https:\/\/transcaribe.gov.co\/?page_id=7784"},"modified":"2025-12-23T10:09:37","modified_gmt":"2025-12-23T15:09:37","slug":"publicacion-de-hojas-de-vida","status":"publish","type":"page","link":"https:\/\/transcaribe.gov.co\/index.php\/publicacion-de-hojas-de-vida\/","title":{"rendered":"1.14 Publicaci\u00f3n de hojas de vida"},"content":{"rendered":"\t\t<div data-elementor-type=\"wp-page\" data-elementor-id=\"7784\" class=\"elementor elementor-7784\" data-elementor-post-type=\"page\">\n\t\t\t\t\t\t<section class=\"elementor-section elementor-top-section elementor-element elementor-element-ae2531f elementor-section-boxed elementor-section-height-default elementor-section-height-default\" data-id=\"ae2531f\" data-element_type=\"section\" data-e-type=\"section\" data-settings=\"{&quot;background_background&quot;:&quot;classic&quot;}\">\n\t\t\t\t\t\t\t<div class=\"elementor-background-overlay\"><\/div>\n\t\t\t\t\t\t\t<div class=\"elementor-container elementor-column-gap-default\">\n\t\t\t\t\t<div class=\"elementor-column elementor-col-100 elementor-top-column elementor-element elementor-element-477ec5c\" data-id=\"477ec5c\" data-element_type=\"column\" data-e-type=\"column\">\n\t\t\t<div class=\"elementor-widget-wrap elementor-element-populated\">\n\t\t\t\t\t\t<div class=\"elementor-element elementor-element-6a06b50 elementor-widget elementor-widget-heading\" data-id=\"6a06b50\" data-element_type=\"widget\" data-e-type=\"widget\" data-widget_type=\"heading.default\">\n\t\t\t\t<div class=\"elementor-widget-container\">\n\t\t\t\t\t<h2 class=\"elementor-heading-title elementor-size-default\">1.14 Publicaci\u00f3n de hojas de vida<\/h2>\t\t\t\t<\/div>\n\t\t\t\t<\/div>\n\t\t\t\t\t<\/div>\n\t\t<\/div>\n\t\t\t\t\t<\/div>\n\t\t<\/section>\n\t\t\t\t<section class=\"elementor-section elementor-top-section elementor-element elementor-element-66a43d1 elementor-section-boxed elementor-section-height-default elementor-section-height-default\" data-id=\"66a43d1\" data-element_type=\"section\" data-e-type=\"section\">\n\t\t\t\t\t\t<div class=\"elementor-container elementor-column-gap-default\">\n\t\t\t\t\t<div class=\"elementor-column elementor-col-100 elementor-top-column elementor-element elementor-element-768b533\" data-id=\"768b533\" data-element_type=\"column\" data-e-type=\"column\">\n\t\t\t<div class=\"elementor-widget-wrap elementor-element-populated\">\n\t\t\t\t\t\t<div class=\"elementor-element elementor-element-a5c7e56 elementor-widget elementor-widget-shortcode\" data-id=\"a5c7e56\" data-element_type=\"widget\" data-e-type=\"widget\" data-widget_type=\"shortcode.default\">\n\t\t\t\t<div class=\"elementor-widget-container\">\n\t\t\t\t\t\t\t<div class=\"elementor-shortcode\"><a href=\"https:\/\/www1.funcionpublica.gov.co\/web\/sigep2\/directorio\" target=\"_blank\"><img decoding=\"async\" class=\"ms-asset-icon ms-\nrtePosition-4\" src=\"\/_layouts\/images\/icgen.gif\" data-themekey=\"#\" alt=\"\"> - Consulte la hoja de vida de los servidores p\u00fablicos de Transcaribe S.A.\u200b <strong><\/div>\n\t\t\t\t\t\t<\/div>\n\t\t\t\t<\/div>\n\t\t\t\t\t<\/div>\n\t\t<\/div>\n\t\t\t\t\t<\/div>\n\t\t<\/section>\n\t\t\t\t<\/div>\n\t\t<div class='cb-post-url-qr-code'><br><img src='https:\/\/api.qrserver.com\/v1\/create-qr-code\/?size=185x185&ecc=L&qzone=1&data=https%3A%2F%2Ftranscaribe.gov.co%2Findex.php%2Fpublicacion-de-hojas-de-vida%2F' alt='1.14 Publicaci\u00f3n de hojas de vida'\/><\/div>","protected":false},"excerpt":{"rendered":"<p>1.14 Publicaci\u00f3n de hojas de vida &#8211; Consulte la hoja de vida de los servidores p\u00fablicos de Transcaribe S.A.\u200b<\/p>\n","protected":false},"author":1,"featured_media":4475,"parent":0,"menu_order":0,"comment_status":"closed","ping_status":"closed","template":"","meta":{"footnotes":""},"class_list":["post-7784","page","type-page","status-publish","has-post-thumbnail","hentry"],"yoast_head":"<!-- This site is optimized with the Yoast SEO plugin v26.5 - https:\/\/yoast.com\/wordpress\/plugins\/seo\/ -->\n<title>1.14 Publicaci\u00f3n de hojas de vida -<\/title>\n<meta name=\"robots\" content=\"index, follow, max-snippet:-1, max-image-preview:large, max-video-preview:-1\" \/>\n<link rel=\"canonical\" href=\"https:\/\/transcaribe.gov.co\/index.php\/publicacion-de-hojas-de-vida\/\" \/>\n<meta property=\"og:locale\" content=\"es_ES\" \/>\n<meta property=\"og:type\" content=\"article\" \/>\n<meta property=\"og:title\" content=\"1.14 Publicaci\u00f3n de hojas de vida -\" \/>\n<meta property=\"og:description\" content=\"1.14 Publicaci\u00f3n de hojas de vida &#8211; Consulte la hoja de vida de los servidores p\u00fablicos de Transcaribe S.A.\u200b\" \/>\n<meta property=\"og:url\" content=\"https:\/\/transcaribe.gov.co\/index.php\/publicacion-de-hojas-de-vida\/\" \/>\n<meta property=\"article:publisher\" content=\"https:\/\/www.facebook.com\/TranscaribeCTG\" \/>\n<meta property=\"article:modified_time\" content=\"2025-12-23T15:09:37+00:00\" \/>\n<meta name=\"twitter:card\" content=\"summary_large_image\" \/>\n<meta name=\"twitter:site\" content=\"@transcaribeSITM\" \/>\n<meta name=\"twitter:label1\" content=\"Tiempo de lectura\" \/>\n\t<meta name=\"twitter:data1\" content=\"1 minuto\" \/>\n<script type=\"application\/ld+json\" class=\"yoast-schema-graph\">{\"@context\":\"https:\/\/schema.org\",\"@graph\":[{\"@type\":\"WebPage\",\"@id\":\"https:\/\/transcaribe.gov.co\/index.php\/publicacion-de-hojas-de-vida\/\",\"url\":\"https:\/\/transcaribe.gov.co\/index.php\/publicacion-de-hojas-de-vida\/\",\"name\":\"1.14 Publicaci\u00f3n de hojas de vida -\",\"isPartOf\":{\"@id\":\"https:\/\/transcaribe.gov.co\/#website\"},\"primaryImageOfPage\":{\"@id\":\"https:\/\/transcaribe.gov.co\/index.php\/publicacion-de-hojas-de-vida\/#primaryimage\"},\"image\":{\"@id\":\"https:\/\/transcaribe.gov.co\/index.php\/publicacion-de-hojas-de-vida\/#primaryimage\"},\"thumbnailUrl\":\"https:\/\/transcaribe.gov.co\/wp-content\/uploads\/2023\/10\/cropped-Favicon_Transcaribe.png\",\"datePublished\":\"2025-12-17T18:25:44+00:00\",\"dateModified\":\"2025-12-23T15:09:37+00:00\",\"breadcrumb\":{\"@id\":\"https:\/\/transcaribe.gov.co\/index.php\/publicacion-de-hojas-de-vida\/#breadcrumb\"},\"inLanguage\":\"es\",\"potentialAction\":[{\"@type\":\"ReadAction\",\"target\":[\"https:\/\/transcaribe.gov.co\/index.php\/publicacion-de-hojas-de-vida\/\"]}]},{\"@type\":\"ImageObject\",\"inLanguage\":\"es\",\"@id\":\"https:\/\/transcaribe.gov.co\/index.php\/publicacion-de-hojas-de-vida\/#primaryimage\",\"url\":\"https:\/\/transcaribe.gov.co\/wp-content\/uploads\/2023\/10\/cropped-Favicon_Transcaribe.png\",\"contentUrl\":\"https:\/\/transcaribe.gov.co\/wp-content\/uploads\/2023\/10\/cropped-Favicon_Transcaribe.png\",\"width\":512,\"height\":512},{\"@type\":\"BreadcrumbList\",\"@id\":\"https:\/\/transcaribe.gov.co\/index.php\/publicacion-de-hojas-de-vida\/#breadcrumb\",\"itemListElement\":[{\"@type\":\"ListItem\",\"position\":1,\"name\":\"Portada\",\"item\":\"https:\/\/transcaribe.gov.co\/\"},{\"@type\":\"ListItem\",\"position\":2,\"name\":\"1.14 Publicaci\u00f3n de hojas de vida\"}]},{\"@type\":\"WebSite\",\"@id\":\"https:\/\/transcaribe.gov.co\/#website\",\"url\":\"https:\/\/transcaribe.gov.co\/\",\"name\":\"TRANSCARIBE\",\"description\":\"\",\"publisher\":{\"@id\":\"https:\/\/transcaribe.gov.co\/#organization\"},\"potentialAction\":[{\"@type\":\"SearchAction\",\"target\":{\"@type\":\"EntryPoint\",\"urlTemplate\":\"https:\/\/transcaribe.gov.co\/?s={search_term_string}\"},\"query-input\":{\"@type\":\"PropertyValueSpecification\",\"valueRequired\":true,\"valueName\":\"search_term_string\"}}],\"inLanguage\":\"es\"},{\"@type\":\"Organization\",\"@id\":\"https:\/\/transcaribe.gov.co\/#organization\",\"name\":\"TRANSCARIBE S.A.\",\"url\":\"https:\/\/transcaribe.gov.co\/\",\"logo\":{\"@type\":\"ImageObject\",\"inLanguage\":\"es\",\"@id\":\"https:\/\/transcaribe.gov.co\/#\/schema\/logo\/image\/\",\"url\":\"https:\/\/transcaribe.gov.co\/wp-content\/uploads\/2023\/10\/cropped-Favicon_Transcaribe.png\",\"contentUrl\":\"https:\/\/transcaribe.gov.co\/wp-content\/uploads\/2023\/10\/cropped-Favicon_Transcaribe.png\",\"width\":512,\"height\":512,\"caption\":\"TRANSCARIBE S.A.\"},\"image\":{\"@id\":\"https:\/\/transcaribe.gov.co\/#\/schema\/logo\/image\/\"},\"sameAs\":[\"https:\/\/www.facebook.com\/TranscaribeCTG\",\"https:\/\/x.com\/transcaribeSITM\",\"https:\/\/www.instagram.com\/Transcaribecartagena\/\",\"https:\/\/www.youtube.com\/channel\/UCyM8-7H1Ux9hsYGlCkSkQaA\"]}]}<\/script>\n<!-- \/ Yoast SEO plugin. -->","yoast_head_json":{"title":"1.14 Publicaci\u00f3n de hojas de vida -","robots":{"index":"index","follow":"follow","max-snippet":"max-snippet:-1","max-image-preview":"max-image-preview:large","max-video-preview":"max-video-preview:-1"},"canonical":"https:\/\/transcaribe.gov.co\/index.php\/publicacion-de-hojas-de-vida\/","og_locale":"es_ES","og_type":"article","og_title":"1.14 Publicaci\u00f3n de hojas de vida -","og_description":"1.14 Publicaci\u00f3n de hojas de vida &#8211; Consulte la hoja de vida de los servidores p\u00fablicos de Transcaribe S.A.\u200b","og_url":"https:\/\/transcaribe.gov.co\/index.php\/publicacion-de-hojas-de-vida\/","article_publisher":"https:\/\/www.facebook.com\/TranscaribeCTG","article_modified_time":"2025-12-23T15:09:37+00:00","twitter_card":"summary_large_image","twitter_site":"@transcaribeSITM","twitter_misc":{"Tiempo de lectura":"1 minuto"},"schema":{"@context":"https:\/\/schema.org","@graph":[{"@type":"WebPage","@id":"https:\/\/transcaribe.gov.co\/index.php\/publicacion-de-hojas-de-vida\/","url":"https:\/\/transcaribe.gov.co\/index.php\/publicacion-de-hojas-de-vida\/","name":"1.14 Publicaci\u00f3n de hojas de vida -","isPartOf":{"@id":"https:\/\/transcaribe.gov.co\/#website"},"primaryImageOfPage":{"@id":"https:\/\/transcaribe.gov.co\/index.php\/publicacion-de-hojas-de-vida\/#primaryimage"},"image":{"@id":"https:\/\/transcaribe.gov.co\/index.php\/publicacion-de-hojas-de-vida\/#primaryimage"},"thumbnailUrl":"https:\/\/transcaribe.gov.co\/wp-content\/uploads\/2023\/10\/cropped-Favicon_Transcaribe.png","datePublished":"2025-12-17T18:25:44+00:00","dateModified":"2025-12-23T15:09:37+00:00","breadcrumb":{"@id":"https:\/\/transcaribe.gov.co\/index.php\/publicacion-de-hojas-de-vida\/#breadcrumb"},"inLanguage":"es","potentialAction":[{"@type":"ReadAction","target":["https:\/\/transcaribe.gov.co\/index.php\/publicacion-de-hojas-de-vida\/"]}]},{"@type":"ImageObject","inLanguage":"es","@id":"https:\/\/transcaribe.gov.co\/index.php\/publicacion-de-hojas-de-vida\/#primaryimage","url":"https:\/\/transcaribe.gov.co\/wp-content\/uploads\/2023\/10\/cropped-Favicon_Transcaribe.png","contentUrl":"https:\/\/transcaribe.gov.co\/wp-content\/uploads\/2023\/10\/cropped-Favicon_Transcaribe.png","width":512,"height":512},{"@type":"BreadcrumbList","@id":"https:\/\/transcaribe.gov.co\/index.php\/publicacion-de-hojas-de-vida\/#breadcrumb","itemListElement":[{"@type":"ListItem","position":1,"name":"Portada","item":"https:\/\/transcaribe.gov.co\/"},{"@type":"ListItem","position":2,"name":"1.14 Publicaci\u00f3n de hojas de vida"}]},{"@type":"WebSite","@id":"https:\/\/transcaribe.gov.co\/#website","url":"https:\/\/transcaribe.gov.co\/","name":"TRANSCARIBE","description":"","publisher":{"@id":"https:\/\/transcaribe.gov.co\/#organization"},"potentialAction":[{"@type":"SearchAction","target":{"@type":"EntryPoint","urlTemplate":"https:\/\/transcaribe.gov.co\/?s={search_term_string}"},"query-input":{"@type":"PropertyValueSpecification","valueRequired":true,"valueName":"search_term_string"}}],"inLanguage":"es"},{"@type":"Organization","@id":"https:\/\/transcaribe.gov.co\/#organization","name":"TRANSCARIBE S.A.","url":"https:\/\/transcaribe.gov.co\/","logo":{"@type":"ImageObject","inLanguage":"es","@id":"https:\/\/transcaribe.gov.co\/#\/schema\/logo\/image\/","url":"https:\/\/transcaribe.gov.co\/wp-content\/uploads\/2023\/10\/cropped-Favicon_Transcaribe.png","contentUrl":"https:\/\/transcaribe.gov.co\/wp-content\/uploads\/2023\/10\/cropped-Favicon_Transcaribe.png","width":512,"height":512,"caption":"TRANSCARIBE S.A."},"image":{"@id":"https:\/\/transcaribe.gov.co\/#\/schema\/logo\/image\/"},"sameAs":["https:\/\/www.facebook.com\/TranscaribeCTG","https:\/\/x.com\/transcaribeSITM","https:\/\/www.instagram.com\/Transcaribecartagena\/","https:\/\/www.youtube.com\/channel\/UCyM8-7H1Ux9hsYGlCkSkQaA"]}]}},"_links":{"self":[{"href":"https:\/\/transcaribe.gov.co\/index.php\/wp-json\/wp\/v2\/pages\/7784","targetHints":{"allow":["GET"]}}],"collection":[{"href":"https:\/\/transcaribe.gov.co\/index.php\/wp-json\/wp\/v2\/pages"}],"about":[{"href":"https:\/\/transcaribe.gov.co\/index.php\/wp-json\/wp\/v2\/types\/page"}],"author":[{"embeddable":true,"href":"https:\/\/transcaribe.gov.co\/index.php\/wp-json\/wp\/v2\/users\/1"}],"replies":[{"embeddable":true,"href":"https:\/\/transcaribe.gov.co\/index.php\/wp-json\/wp\/v2\/comments?post=7784"}],"version-history":[{"count":10,"href":"https:\/\/transcaribe.gov.co\/index.php\/wp-json\/wp\/v2\/pages\/7784\/revisions"}],"predecessor-version":[{"id":8060,"href":"https:\/\/transcaribe.gov.co\/index.php\/wp-json\/wp\/v2\/pages\/7784\/revisions\/8060"}],"wp:featuredmedia":[{"embeddable":true,"href":"https:\/\/transcaribe.gov.co\/index.php\/wp-json\/wp\/v2\/media\/4475"}],"wp:attachment":[{"href":"https:\/\/transcaribe.gov.co\/index.php\/wp-json\/wp\/v2\/media?parent=7784"}],"curies":[{"name":"wp","href":"https:\/\/api.w.org\/{rel}","templated":true}]}}