{"id":7560,"date":"2025-12-16T13:52:48","date_gmt":"2025-12-16T18:52:48","guid":{"rendered":"https:\/\/transcaribe.gov.co\/?page_id=7560"},"modified":"2025-12-16T13:57:35","modified_gmt":"2025-12-16T18:57:35","slug":"1-12-informacion-sobre-decisiones-que-puede-afectar-al-publico","status":"publish","type":"page","link":"https:\/\/transcaribe.gov.co\/index.php\/1-12-informacion-sobre-decisiones-que-puede-afectar-al-publico\/","title":{"rendered":"1.12 Informaci\u00f3n sobre decisiones que puede afectar al p\u00fablico."},"content":{"rendered":"\t\t<div data-elementor-type=\"wp-page\" data-elementor-id=\"7560\" class=\"elementor elementor-7560\" data-elementor-post-type=\"page\">\n\t\t\t\t\t\t<section class=\"elementor-section elementor-top-section elementor-element elementor-element-8b83776 elementor-section-boxed elementor-section-height-default elementor-section-height-default\" data-id=\"8b83776\" data-element_type=\"section\" data-e-type=\"section\" data-settings=\"{&quot;background_background&quot;:&quot;classic&quot;}\">\n\t\t\t\t\t\t<div class=\"elementor-container elementor-column-gap-default\">\n\t\t\t\t\t<div class=\"elementor-column elementor-col-100 elementor-top-column elementor-element elementor-element-ef2f21f\" data-id=\"ef2f21f\" data-element_type=\"column\" data-e-type=\"column\">\n\t\t\t<div class=\"elementor-widget-wrap elementor-element-populated\">\n\t\t\t\t\t\t<div class=\"elementor-element elementor-element-5ca0f07 elementor-widget elementor-widget-heading\" data-id=\"5ca0f07\" data-element_type=\"widget\" data-e-type=\"widget\" data-widget_type=\"heading.default\">\n\t\t\t\t<div class=\"elementor-widget-container\">\n\t\t\t\t\t<h2 class=\"elementor-heading-title elementor-size-default\">1.12 Informaci\u00f3n sobre decisiones que puede afectar al p\u00fablico.<\/h2>\t\t\t\t<\/div>\n\t\t\t\t<\/div>\n\t\t\t\t\t<\/div>\n\t\t<\/div>\n\t\t\t\t\t<\/div>\n\t\t<\/section>\n\t\t\t\t<section class=\"elementor-section elementor-top-section elementor-element elementor-element-71c50e7 elementor-section-boxed elementor-section-height-default elementor-section-height-default\" data-id=\"71c50e7\" data-element_type=\"section\" data-e-type=\"section\">\n\t\t\t\t\t\t<div class=\"elementor-container elementor-column-gap-default\">\n\t\t\t\t\t<div class=\"elementor-column elementor-col-100 elementor-top-column elementor-element elementor-element-cb3aa08\" data-id=\"cb3aa08\" data-element_type=\"column\" data-e-type=\"column\">\n\t\t\t<div class=\"elementor-widget-wrap elementor-element-populated\">\n\t\t\t\t\t\t<div class=\"elementor-element elementor-element-32d5000 elementor-widget elementor-widget-accordion\" data-id=\"32d5000\" data-element_type=\"widget\" data-e-type=\"widget\" data-widget_type=\"accordion.default\">\n\t\t\t\t<div class=\"elementor-widget-container\">\n\t\t\t\t\t\t\t<div class=\"elementor-accordion\">\n\t\t\t\t\t\t\t<div class=\"elementor-accordion-item\">\n\t\t\t\t\t<div id=\"elementor-tab-title-5331\" class=\"elementor-tab-title\" data-tab=\"1\" role=\"button\" aria-controls=\"elementor-tab-content-5331\" aria-expanded=\"false\">\n\t\t\t\t\t\t\t\t\t\t\t\t\t<span class=\"elementor-accordion-icon elementor-accordion-icon-left\" aria-hidden=\"true\">\n\t\t\t\t\t\t\t\t\t\t\t\t\t\t\t<span class=\"elementor-accordion-icon-closed\"><i class=\"fas fa-plus\"><\/i><\/span>\n\t\t\t\t\t\t\t\t<span class=\"elementor-accordion-icon-opened\"><i class=\"fas fa-minus\"><\/i><\/span>\n\t\t\t\t\t\t\t\t\t\t\t\t\t\t<\/span>\n\t\t\t\t\t\t\t\t\t\t\t\t<a class=\"elementor-accordion-title\" tabindex=\"0\">Diagn\u00f3stico e identificaci\u00f3n de problemas:<\/a>\n\t\t\t\t\t<\/div>\n\t\t\t\t\t<div id=\"elementor-tab-content-5331\" class=\"elementor-tab-content elementor-clearfix\" data-tab=\"1\" role=\"region\" aria-labelledby=\"elementor-tab-title-5331\"><ul><li>Publicaci\u00f3n temas de inter\u00e9s.<ul><li><p class=\"elementor-heading-title elementor-size-default\"><a href=\"https:\/\/transcaribe.gov.co\/index.php\/estudios-investigaciones-y-otras-publicaciones\/\" target=\"_blank\" rel=\"noopener\">Estudios \u2013 Investigaciones y Otras Publicaciones.<\/a><\/p><\/li><li><a href=\"https:\/\/transcaribe.gov.co\/wp-content\/uploads\/2023\/06\/Informacion_Ella_se_mueve_segura.pdf\" target=\"_blank\" rel=\"noopener\">Campa\u00f1a Ella se Mueve Segura<\/a>.<\/li><li><a href=\"https:\/\/transcaribe-my.sharepoint.com\/personal\/atoro_transcaribe_gov_co\/_layouts\/15\/onedrive.aspx?id=%2Fpersonal%2Fatoro%5Ftranscaribe%5Fgov%5Fco%2FDocuments%2FTRANSCARIBE%202023%2FACTUALIZACION%20DOCUMENTO%20DE%20CARACTERIZACION%20DE%20GRUPOS%20DE%20VALOR%2FATORO%2FCARACTERIZACION%20DE%20GRUPOS%20DE%20VALOR%20SITM%20TRANSCARIBE%20Version%202023%2Epdf&amp;parent=%2Fpersonal%2Fatoro%5Ftranscaribe%5Fgov%5Fco%2FDocuments%2FTRANSCARIBE%202023%2FACTUALIZACION%20DOCUMENTO%20DE%20CARACTERIZACION%20DE%20GRUPOS%20DE%20VALOR%2FATORO&amp;ga=1\" target=\"_blank\" rel=\"noopener\">Caracterizaci\u00f3n de Grupos de Valor del sistema integrado de Transporte Masivo de Cartagena Transcaribe<\/a><\/li><li><a href=\"https:\/\/transcaribe.gov.co\/Centro%20de%20Documentacion\/7.%20Proyecto%20Programa%20de%20Transparencia%20y%20%C3%A9tica%20p%C3%BAblica.pdf\" target=\"_blank\" rel=\"noopener\">Programa de Transparencia y \u00c9tica P\u00fablica<\/a><\/li><li><a href=\"https:\/\/transcaribe.gov.co\/index.php\/calendario-de-actividades\/\" target=\"_blank\" rel=\"noopener\">Calendario de la estrategia anual de participaci\u00f3n ciudadana<\/a><\/li><\/ul><\/li><li><a>Caja de herramientas.<\/a><ul><li><a href=\"https:\/\/transcaribe.gov.co\/index.php\/red_de_recarga\/\" target=\"_blank\" rel=\"noopener\">Red de Recarga Externa<\/a>.<\/li><li><a href=\"https:\/\/transcaribe.gov.co\/Centro%20de%20Documentacion\/RESOLUCION%20Nro.%20056%20DEL%2005%20DE%20JUNIO%20DE%202024_0001.pdf\" target=\"_blank\" rel=\"noopener\">Manual del Usuario.<\/a><\/li><li><a href=\"https:\/\/recaudo.sondapay.com\/Pocae\/\" target=\"_blank\" rel=\"noopener\">Portal del Usuario.<\/a><\/li><li><a href=\"https:\/\/www.instagram.com\/Transcaribecartagena\/\" target=\"_blank\" rel=\"noopener\">Canal de Instagram.<\/a><\/li><li><a href=\"https:\/\/transcaribe-my.sharepoint.com\/:b:\/g\/personal\/atoro_transcaribe_gov_co\/Eafaer6gKTRIuAdmUrgAjekBx_HpnGw04Hg4ADwkYGb4Vg?e=rFvd21\" target=\"_blank\" rel=\"noopener\">Carta de Trato Digno.<\/a><\/li><\/ul><\/li><li>Divulgar resultados.<ul><li><p><a href=\"https:\/\/transcaribe-my.sharepoint.com\/:x:\/g\/personal\/atoro_transcaribe_gov_co\/EbVItDXiodRMi17W1OrGAeoB2PhEOBge2sR1DryAUjkK7Q?e=AqvuFH\" target=\"_blank\" rel=\"noopener\">Reporte Detallado de Registros de Personas con Discapacidad.<\/a><\/p><\/li><\/ul><\/li><\/ul><\/div>\n\t\t\t\t<\/div>\n\t\t\t\t\t\t\t<div class=\"elementor-accordion-item\">\n\t\t\t\t\t<div id=\"elementor-tab-title-5332\" class=\"elementor-tab-title\" data-tab=\"2\" role=\"button\" aria-controls=\"elementor-tab-content-5332\" aria-expanded=\"false\">\n\t\t\t\t\t\t\t\t\t\t\t\t\t<span class=\"elementor-accordion-icon elementor-accordion-icon-left\" aria-hidden=\"true\">\n\t\t\t\t\t\t\t\t\t\t\t\t\t\t\t<span class=\"elementor-accordion-icon-closed\"><i class=\"fas fa-plus\"><\/i><\/span>\n\t\t\t\t\t\t\t\t<span class=\"elementor-accordion-icon-opened\"><i class=\"fas fa-minus\"><\/i><\/span>\n\t\t\t\t\t\t\t\t\t\t\t\t\t\t<\/span>\n\t\t\t\t\t\t\t\t\t\t\t\t<a class=\"elementor-accordion-title\" tabindex=\"0\">Planeaci\u00f3n y presupuesto participativo:<\/a>\n\t\t\t\t\t<\/div>\n\t\t\t\t\t<div id=\"elementor-tab-content-5332\" class=\"elementor-tab-content elementor-clearfix\" data-tab=\"2\" role=\"region\" aria-labelledby=\"elementor-tab-title-5332\"><ul><li>Porcentaje del presupuesto para el proceso.<ul><li><a href=\"https:\/\/transcaribe.gov.co\/index.php\/presupuesto-general\/\" target=\"_blank\" rel=\"noopener\">Presupuesto General.<\/a><\/li><li><a href=\"https:\/\/transcaribe.gov.co\/index.php\/publicacion-del-plan-anual-de-adquisiciones\/\" target=\"_blank\" rel=\"noopener\">Plan Anual de adquisiciones.<\/a><\/li><\/ul><\/li><li>Habilitar canales de interacci\u00f3n y caja de herramientas.<ul><li><a href=\"https:\/\/twitter.com\/transcaribeSITM\" target=\"_blank\" rel=\"noopener\">X Transcaribe.<\/a><\/li><li><a href=\"https:\/\/www.facebook.com\/TranscaribeCTG\" target=\"_blank\" rel=\"noopener\">FaceBook Transcaribe.<\/a><\/li><li><a href=\"https:\/\/www.instagram.com\/Transcaribecartagena\/\" target=\"_blank\" rel=\"noopener\">Canal de Instagram de Transcaribe.<\/a><\/li><\/ul><\/li><\/ul><\/div>\n\t\t\t\t<\/div>\n\t\t\t\t\t\t\t<div class=\"elementor-accordion-item\">\n\t\t\t\t\t<div id=\"elementor-tab-title-5333\" class=\"elementor-tab-title\" data-tab=\"3\" role=\"button\" aria-controls=\"elementor-tab-content-5333\" aria-expanded=\"false\">\n\t\t\t\t\t\t\t\t\t\t\t\t\t<span class=\"elementor-accordion-icon elementor-accordion-icon-left\" aria-hidden=\"true\">\n\t\t\t\t\t\t\t\t\t\t\t\t\t\t\t<span class=\"elementor-accordion-icon-closed\"><i class=\"fas fa-plus\"><\/i><\/span>\n\t\t\t\t\t\t\t\t<span class=\"elementor-accordion-icon-opened\"><i class=\"fas fa-minus\"><\/i><\/span>\n\t\t\t\t\t\t\t\t\t\t\t\t\t\t<\/span>\n\t\t\t\t\t\t\t\t\t\t\t\t<a class=\"elementor-accordion-title\" tabindex=\"0\">Rendici\u00f3n de cuentas:<\/a>\n\t\t\t\t\t<\/div>\n\t\t\t\t\t<div id=\"elementor-tab-content-5333\" class=\"elementor-tab-content elementor-clearfix\" data-tab=\"3\" role=\"region\" aria-labelledby=\"elementor-tab-title-5333\"><ul><li>Articular a los informes de rendici\u00f3n de cuentas en el Men\u00fa transparencia.<ul><li><a href=\"https:\/\/transcaribe.gov.co\/index.php\/informes-de-gestion-evaluacion-y-auditoria\/\" target=\"_blank\" rel=\"noopener\">Informes de Rendici\u00f3n.<\/a><\/li><\/ul><\/li><li>Habilitar un canal para eventos de di\u00e1logo Articulaci\u00f3n con sistema nacional de rendici\u00f3n de cuentas.<ul><li><a href=\"https:\/\/www.cartagena.gov.co\/participa\/rendicion-participativa\" target=\"_blank\" rel=\"noopener\">Rendici\u00f3n de Cuentas Distrital<\/a><\/li><\/ul><\/li><li>Memorias de cada evento.<ul><li><a href=\"https:\/\/transcaribe.gov.co\/index.php\/informes-de-gestion-evaluacion-y-auditoria\/\">Informes de Rendici\u00f3n.<\/a><\/li><li><a href=\"https:\/\/www.cartagena.gov.co\/participa\/rendicion-participativa\" target=\"_blank\" rel=\"noopener\">Rendici\u00f3n de Cuentas Distrital<\/a><\/li><\/ul><\/li><\/ul><\/div>\n\t\t\t\t<\/div>\n\t\t\t\t\t\t\t<div class=\"elementor-accordion-item\">\n\t\t\t\t\t<div id=\"elementor-tab-title-5334\" class=\"elementor-tab-title\" data-tab=\"4\" role=\"button\" aria-controls=\"elementor-tab-content-5334\" aria-expanded=\"false\">\n\t\t\t\t\t\t\t\t\t\t\t\t\t<span class=\"elementor-accordion-icon elementor-accordion-icon-left\" aria-hidden=\"true\">\n\t\t\t\t\t\t\t\t\t\t\t\t\t\t\t<span class=\"elementor-accordion-icon-closed\"><i class=\"fas fa-plus\"><\/i><\/span>\n\t\t\t\t\t\t\t\t<span class=\"elementor-accordion-icon-opened\"><i class=\"fas fa-minus\"><\/i><\/span>\n\t\t\t\t\t\t\t\t\t\t\t\t\t\t<\/span>\n\t\t\t\t\t\t\t\t\t\t\t\t<a class=\"elementor-accordion-title\" tabindex=\"0\">Control social:<\/a>\n\t\t\t\t\t<\/div>\n\t\t\t\t\t<div id=\"elementor-tab-content-5334\" class=\"elementor-tab-content elementor-clearfix\" data-tab=\"4\" role=\"region\" aria-labelledby=\"elementor-tab-title-5334\"><ul><li>Informar las modalidades de control social.<ul><li><a href=\"https:\/\/transcaribe-my.sharepoint.com\/personal\/atoro_transcaribe_gov_co\/_layouts\/15\/onedrive.aspx?id=%2Fpersonal%2Fatoro%5Ftranscaribe%5Fgov%5Fco%2FDocuments%2FTRANSCARIBE%202024%2FPLAN%20DE%20ACCION%20GESTION%20SOCIAL%2FPLAN%20DE%20ACCION%20GESTION%20SOCIAL%20Y%20ATENCION%20AL%20USUARIO%20TRANSCARIBE%202024%2Epdf&amp;parent=%2Fpersonal%2Fatoro%5Ftranscaribe%5Fgov%5Fco%2FDocuments%2FTRANSCARIBE%202024%2FPLAN%20DE%20ACCION%20GESTION%20SOCIAL&amp;ga=1\" target=\"_blank\" rel=\"noopener\">Plan de Gesti\u00f3n Social y Atenci\u00f3n al Usuario.<\/a><\/li><\/ul><\/li><li>Convocar cuando inicie ejecuci\u00f3n de programa, proyecto o\u00a0 contratos.<ul><li><a href=\"https:\/\/transcaribe.gov.co\/index.php\/publicacion-de-la-informacion-contractual\/\" target=\"_blank\" rel=\"noopener\">Contrataci\u00f3n General de la Entidad.<\/a><\/li><li><a href=\"https:\/\/transcaribe.gov.co\/index.php\/plan-de-gasto-publico\/\" target=\"_blank\" rel=\"noopener\">Consulta Nuestro Plan de Adquisiciones.<\/a><\/li><\/ul><\/li><li>Informes del interventor o el supervisor.<ul><li><a href=\"https:\/\/transcaribe.gov.co\/index.php\/publicacion-de-la-informacion-contractual\/\" target=\"_blank\" rel=\"noopener\">Seguimientos a los Contratos Portal de la Entidad.<\/a><\/li><li><a href=\"https:\/\/community.secop.gov.co\/Public\/Tendering\/ContractNoticeManagement\/Index?currentLanguage=es-CO&amp;Page=login&amp;Country=CO&amp;SkinName=CCE\" target=\"_blank\" rel=\"noopener\">Seguimiento a los Contratos SECOP II.<\/a><\/li><\/ul><\/li><li>Facilitar herramienta de evaluaci\u00f3n de las actividades.<ul><li><a href=\"https:\/\/transcaribe.gov.co\/index.php\/encuestas\/\" target=\"_blank\" rel=\"noopener\">Encuesta.<\/a><\/li><\/ul><\/li><\/ul><\/div>\n\t\t\t\t<\/div>\n\t\t\t\t\t\t\t\t<\/div>\n\t\t\t\t\t\t<\/div>\n\t\t\t\t<\/div>\n\t\t\t\t\t<\/div>\n\t\t<\/div>\n\t\t\t\t\t<\/div>\n\t\t<\/section>\n\t\t\t\t<\/div>\n\t\t<div class='cb-post-url-qr-code'><br><img src='https:\/\/api.qrserver.com\/v1\/create-qr-code\/?size=185x185&ecc=L&qzone=1&data=https%3A%2F%2Ftranscaribe.gov.co%2Findex.php%2F1-12-informacion-sobre-decisiones-que-puede-afectar-al-publico%2F' alt='1.12 Informaci\u00f3n sobre decisiones que puede afectar al p\u00fablico.'\/><\/div>","protected":false},"excerpt":{"rendered":"<p>1.12 Informaci\u00f3n sobre decisiones que puede afectar al p\u00fablico. Diagn\u00f3stico e identificaci\u00f3n de problemas: Publicaci\u00f3n temas de inter\u00e9s. Estudios \u2013 Investigaciones y Otras Publicaciones. Campa\u00f1a Ella se Mueve Segura. Caracterizaci\u00f3n de Grupos de Valor del sistema integrado de Transporte Masivo de Cartagena Transcaribe Programa de Transparencia y \u00c9tica P\u00fablica Calendario de la estrategia anual de [&hellip;]<\/p>\n","protected":false},"author":1,"featured_media":4475,"parent":0,"menu_order":0,"comment_status":"closed","ping_status":"closed","template":"","meta":{"footnotes":""},"class_list":["post-7560","page","type-page","status-publish","has-post-thumbnail","hentry"],"yoast_head":"<!-- This site is optimized with the Yoast SEO plugin v26.5 - https:\/\/yoast.com\/wordpress\/plugins\/seo\/ -->\n<title>1.12 Informaci\u00f3n sobre decisiones que puede afectar al p\u00fablico. -<\/title>\n<meta name=\"robots\" content=\"index, follow, max-snippet:-1, max-image-preview:large, max-video-preview:-1\" \/>\n<link rel=\"canonical\" href=\"https:\/\/transcaribe.gov.co\/index.php\/1-12-informacion-sobre-decisiones-que-puede-afectar-al-publico\/\" \/>\n<meta property=\"og:locale\" content=\"es_ES\" \/>\n<meta property=\"og:type\" content=\"article\" \/>\n<meta property=\"og:title\" content=\"1.12 Informaci\u00f3n sobre decisiones que puede afectar al p\u00fablico. -\" \/>\n<meta property=\"og:description\" content=\"1.12 Informaci\u00f3n sobre decisiones que puede afectar al p\u00fablico. Diagn\u00f3stico e identificaci\u00f3n de problemas: Publicaci\u00f3n temas de inter\u00e9s. Estudios \u2013 Investigaciones y Otras Publicaciones. Campa\u00f1a Ella se Mueve Segura. Caracterizaci\u00f3n de Grupos de Valor del sistema integrado de Transporte Masivo de Cartagena Transcaribe Programa de Transparencia y \u00c9tica P\u00fablica Calendario de la estrategia anual de [&hellip;]\" \/>\n<meta property=\"og:url\" content=\"https:\/\/transcaribe.gov.co\/index.php\/1-12-informacion-sobre-decisiones-que-puede-afectar-al-publico\/\" \/>\n<meta property=\"article:publisher\" content=\"https:\/\/www.facebook.com\/TranscaribeCTG\" \/>\n<meta property=\"article:modified_time\" content=\"2025-12-16T18:57:35+00:00\" \/>\n<meta property=\"og:image\" content=\"https:\/\/transcaribe.gov.co\/wp-content\/uploads\/2023\/10\/cropped-Favicon_Transcaribe.png\" \/>\n\t<meta property=\"og:image:width\" content=\"512\" \/>\n\t<meta property=\"og:image:height\" content=\"512\" \/>\n\t<meta property=\"og:image:type\" content=\"image\/png\" \/>\n<meta name=\"twitter:card\" content=\"summary_large_image\" \/>\n<meta name=\"twitter:site\" content=\"@transcaribeSITM\" \/>\n<meta name=\"twitter:label1\" content=\"Tiempo de lectura\" \/>\n\t<meta name=\"twitter:data1\" content=\"2 minutos\" \/>\n<script type=\"application\/ld+json\" class=\"yoast-schema-graph\">{\"@context\":\"https:\/\/schema.org\",\"@graph\":[{\"@type\":\"WebPage\",\"@id\":\"https:\/\/transcaribe.gov.co\/index.php\/1-12-informacion-sobre-decisiones-que-puede-afectar-al-publico\/\",\"url\":\"https:\/\/transcaribe.gov.co\/index.php\/1-12-informacion-sobre-decisiones-que-puede-afectar-al-publico\/\",\"name\":\"1.12 Informaci\u00f3n sobre decisiones que puede afectar al p\u00fablico. -\",\"isPartOf\":{\"@id\":\"https:\/\/transcaribe.gov.co\/#website\"},\"primaryImageOfPage\":{\"@id\":\"https:\/\/transcaribe.gov.co\/index.php\/1-12-informacion-sobre-decisiones-que-puede-afectar-al-publico\/#primaryimage\"},\"image\":{\"@id\":\"https:\/\/transcaribe.gov.co\/index.php\/1-12-informacion-sobre-decisiones-que-puede-afectar-al-publico\/#primaryimage\"},\"thumbnailUrl\":\"https:\/\/transcaribe.gov.co\/wp-content\/uploads\/2023\/10\/cropped-Favicon_Transcaribe.png\",\"datePublished\":\"2025-12-16T18:52:48+00:00\",\"dateModified\":\"2025-12-16T18:57:35+00:00\",\"breadcrumb\":{\"@id\":\"https:\/\/transcaribe.gov.co\/index.php\/1-12-informacion-sobre-decisiones-que-puede-afectar-al-publico\/#breadcrumb\"},\"inLanguage\":\"es\",\"potentialAction\":[{\"@type\":\"ReadAction\",\"target\":[\"https:\/\/transcaribe.gov.co\/index.php\/1-12-informacion-sobre-decisiones-que-puede-afectar-al-publico\/\"]}]},{\"@type\":\"ImageObject\",\"inLanguage\":\"es\",\"@id\":\"https:\/\/transcaribe.gov.co\/index.php\/1-12-informacion-sobre-decisiones-que-puede-afectar-al-publico\/#primaryimage\",\"url\":\"https:\/\/transcaribe.gov.co\/wp-content\/uploads\/2023\/10\/cropped-Favicon_Transcaribe.png\",\"contentUrl\":\"https:\/\/transcaribe.gov.co\/wp-content\/uploads\/2023\/10\/cropped-Favicon_Transcaribe.png\",\"width\":512,\"height\":512},{\"@type\":\"BreadcrumbList\",\"@id\":\"https:\/\/transcaribe.gov.co\/index.php\/1-12-informacion-sobre-decisiones-que-puede-afectar-al-publico\/#breadcrumb\",\"itemListElement\":[{\"@type\":\"ListItem\",\"position\":1,\"name\":\"Portada\",\"item\":\"https:\/\/transcaribe.gov.co\/\"},{\"@type\":\"ListItem\",\"position\":2,\"name\":\"1.12 Informaci\u00f3n sobre decisiones que puede afectar al p\u00fablico.\"}]},{\"@type\":\"WebSite\",\"@id\":\"https:\/\/transcaribe.gov.co\/#website\",\"url\":\"https:\/\/transcaribe.gov.co\/\",\"name\":\"TRANSCARIBE\",\"description\":\"\",\"publisher\":{\"@id\":\"https:\/\/transcaribe.gov.co\/#organization\"},\"potentialAction\":[{\"@type\":\"SearchAction\",\"target\":{\"@type\":\"EntryPoint\",\"urlTemplate\":\"https:\/\/transcaribe.gov.co\/?s={search_term_string}\"},\"query-input\":{\"@type\":\"PropertyValueSpecification\",\"valueRequired\":true,\"valueName\":\"search_term_string\"}}],\"inLanguage\":\"es\"},{\"@type\":\"Organization\",\"@id\":\"https:\/\/transcaribe.gov.co\/#organization\",\"name\":\"TRANSCARIBE S.A.\",\"url\":\"https:\/\/transcaribe.gov.co\/\",\"logo\":{\"@type\":\"ImageObject\",\"inLanguage\":\"es\",\"@id\":\"https:\/\/transcaribe.gov.co\/#\/schema\/logo\/image\/\",\"url\":\"https:\/\/transcaribe.gov.co\/wp-content\/uploads\/2023\/10\/cropped-Favicon_Transcaribe.png\",\"contentUrl\":\"https:\/\/transcaribe.gov.co\/wp-content\/uploads\/2023\/10\/cropped-Favicon_Transcaribe.png\",\"width\":512,\"height\":512,\"caption\":\"TRANSCARIBE S.A.\"},\"image\":{\"@id\":\"https:\/\/transcaribe.gov.co\/#\/schema\/logo\/image\/\"},\"sameAs\":[\"https:\/\/www.facebook.com\/TranscaribeCTG\",\"https:\/\/x.com\/transcaribeSITM\",\"https:\/\/www.instagram.com\/Transcaribecartagena\/\",\"https:\/\/www.youtube.com\/channel\/UCyM8-7H1Ux9hsYGlCkSkQaA\"]}]}<\/script>\n<!-- \/ Yoast SEO plugin. -->","yoast_head_json":{"title":"1.12 Informaci\u00f3n sobre decisiones que puede afectar al p\u00fablico. -","robots":{"index":"index","follow":"follow","max-snippet":"max-snippet:-1","max-image-preview":"max-image-preview:large","max-video-preview":"max-video-preview:-1"},"canonical":"https:\/\/transcaribe.gov.co\/index.php\/1-12-informacion-sobre-decisiones-que-puede-afectar-al-publico\/","og_locale":"es_ES","og_type":"article","og_title":"1.12 Informaci\u00f3n sobre decisiones que puede afectar al p\u00fablico. -","og_description":"1.12 Informaci\u00f3n sobre decisiones que puede afectar al p\u00fablico. Diagn\u00f3stico e identificaci\u00f3n de problemas: Publicaci\u00f3n temas de inter\u00e9s. Estudios \u2013 Investigaciones y Otras Publicaciones. Campa\u00f1a Ella se Mueve Segura. Caracterizaci\u00f3n de Grupos de Valor del sistema integrado de Transporte Masivo de Cartagena Transcaribe Programa de Transparencia y \u00c9tica P\u00fablica Calendario de la estrategia anual de [&hellip;]","og_url":"https:\/\/transcaribe.gov.co\/index.php\/1-12-informacion-sobre-decisiones-que-puede-afectar-al-publico\/","article_publisher":"https:\/\/www.facebook.com\/TranscaribeCTG","article_modified_time":"2025-12-16T18:57:35+00:00","og_image":[{"width":512,"height":512,"url":"https:\/\/transcaribe.gov.co\/wp-content\/uploads\/2023\/10\/cropped-Favicon_Transcaribe.png","type":"image\/png"}],"twitter_card":"summary_large_image","twitter_site":"@transcaribeSITM","twitter_misc":{"Tiempo de lectura":"2 minutos"},"schema":{"@context":"https:\/\/schema.org","@graph":[{"@type":"WebPage","@id":"https:\/\/transcaribe.gov.co\/index.php\/1-12-informacion-sobre-decisiones-que-puede-afectar-al-publico\/","url":"https:\/\/transcaribe.gov.co\/index.php\/1-12-informacion-sobre-decisiones-que-puede-afectar-al-publico\/","name":"1.12 Informaci\u00f3n sobre decisiones que puede afectar al p\u00fablico. -","isPartOf":{"@id":"https:\/\/transcaribe.gov.co\/#website"},"primaryImageOfPage":{"@id":"https:\/\/transcaribe.gov.co\/index.php\/1-12-informacion-sobre-decisiones-que-puede-afectar-al-publico\/#primaryimage"},"image":{"@id":"https:\/\/transcaribe.gov.co\/index.php\/1-12-informacion-sobre-decisiones-que-puede-afectar-al-publico\/#primaryimage"},"thumbnailUrl":"https:\/\/transcaribe.gov.co\/wp-content\/uploads\/2023\/10\/cropped-Favicon_Transcaribe.png","datePublished":"2025-12-16T18:52:48+00:00","dateModified":"2025-12-16T18:57:35+00:00","breadcrumb":{"@id":"https:\/\/transcaribe.gov.co\/index.php\/1-12-informacion-sobre-decisiones-que-puede-afectar-al-publico\/#breadcrumb"},"inLanguage":"es","potentialAction":[{"@type":"ReadAction","target":["https:\/\/transcaribe.gov.co\/index.php\/1-12-informacion-sobre-decisiones-que-puede-afectar-al-publico\/"]}]},{"@type":"ImageObject","inLanguage":"es","@id":"https:\/\/transcaribe.gov.co\/index.php\/1-12-informacion-sobre-decisiones-que-puede-afectar-al-publico\/#primaryimage","url":"https:\/\/transcaribe.gov.co\/wp-content\/uploads\/2023\/10\/cropped-Favicon_Transcaribe.png","contentUrl":"https:\/\/transcaribe.gov.co\/wp-content\/uploads\/2023\/10\/cropped-Favicon_Transcaribe.png","width":512,"height":512},{"@type":"BreadcrumbList","@id":"https:\/\/transcaribe.gov.co\/index.php\/1-12-informacion-sobre-decisiones-que-puede-afectar-al-publico\/#breadcrumb","itemListElement":[{"@type":"ListItem","position":1,"name":"Portada","item":"https:\/\/transcaribe.gov.co\/"},{"@type":"ListItem","position":2,"name":"1.12 Informaci\u00f3n sobre decisiones que puede afectar al p\u00fablico."}]},{"@type":"WebSite","@id":"https:\/\/transcaribe.gov.co\/#website","url":"https:\/\/transcaribe.gov.co\/","name":"TRANSCARIBE","description":"","publisher":{"@id":"https:\/\/transcaribe.gov.co\/#organization"},"potentialAction":[{"@type":"SearchAction","target":{"@type":"EntryPoint","urlTemplate":"https:\/\/transcaribe.gov.co\/?s={search_term_string}"},"query-input":{"@type":"PropertyValueSpecification","valueRequired":true,"valueName":"search_term_string"}}],"inLanguage":"es"},{"@type":"Organization","@id":"https:\/\/transcaribe.gov.co\/#organization","name":"TRANSCARIBE S.A.","url":"https:\/\/transcaribe.gov.co\/","logo":{"@type":"ImageObject","inLanguage":"es","@id":"https:\/\/transcaribe.gov.co\/#\/schema\/logo\/image\/","url":"https:\/\/transcaribe.gov.co\/wp-content\/uploads\/2023\/10\/cropped-Favicon_Transcaribe.png","contentUrl":"https:\/\/transcaribe.gov.co\/wp-content\/uploads\/2023\/10\/cropped-Favicon_Transcaribe.png","width":512,"height":512,"caption":"TRANSCARIBE S.A."},"image":{"@id":"https:\/\/transcaribe.gov.co\/#\/schema\/logo\/image\/"},"sameAs":["https:\/\/www.facebook.com\/TranscaribeCTG","https:\/\/x.com\/transcaribeSITM","https:\/\/www.instagram.com\/Transcaribecartagena\/","https:\/\/www.youtube.com\/channel\/UCyM8-7H1Ux9hsYGlCkSkQaA"]}]}},"_links":{"self":[{"href":"https:\/\/transcaribe.gov.co\/index.php\/wp-json\/wp\/v2\/pages\/7560","targetHints":{"allow":["GET"]}}],"collection":[{"href":"https:\/\/transcaribe.gov.co\/index.php\/wp-json\/wp\/v2\/pages"}],"about":[{"href":"https:\/\/transcaribe.gov.co\/index.php\/wp-json\/wp\/v2\/types\/page"}],"author":[{"embeddable":true,"href":"https:\/\/transcaribe.gov.co\/index.php\/wp-json\/wp\/v2\/users\/1"}],"replies":[{"embeddable":true,"href":"https:\/\/transcaribe.gov.co\/index.php\/wp-json\/wp\/v2\/comments?post=7560"}],"version-history":[{"count":7,"href":"https:\/\/transcaribe.gov.co\/index.php\/wp-json\/wp\/v2\/pages\/7560\/revisions"}],"predecessor-version":[{"id":7567,"href":"https:\/\/transcaribe.gov.co\/index.php\/wp-json\/wp\/v2\/pages\/7560\/revisions\/7567"}],"wp:featuredmedia":[{"embeddable":true,"href":"https:\/\/transcaribe.gov.co\/index.php\/wp-json\/wp\/v2\/media\/4475"}],"wp:attachment":[{"href":"https:\/\/transcaribe.gov.co\/index.php\/wp-json\/wp\/v2\/media?parent=7560"}],"curies":[{"name":"wp","href":"https:\/\/api.w.org\/{rel}","templated":true}]}}