{"id":7488,"date":"2025-12-12T13:21:19","date_gmt":"2025-12-12T18:21:19","guid":{"rendered":"https:\/\/transcaribe.gov.co\/?page_id=7488"},"modified":"2025-12-16T18:19:38","modified_gmt":"2025-12-16T23:19:38","slug":"politicas-y-cumplimiento-legal","status":"publish","type":"page","link":"https:\/\/transcaribe.gov.co\/index.php\/politicas-y-cumplimiento-legal\/","title":{"rendered":"2.3 Pol\u00edticas y cumplimiento legal"},"content":{"rendered":"\t\t<div data-elementor-type=\"wp-page\" data-elementor-id=\"7488\" class=\"elementor elementor-7488\" data-elementor-post-type=\"page\">\n\t\t\t\t\t\t<section class=\"elementor-section elementor-top-section elementor-element elementor-element-9749fb6 elementor-section-boxed elementor-section-height-default elementor-section-height-default\" data-id=\"9749fb6\" data-element_type=\"section\" data-e-type=\"section\" data-settings=\"{&quot;background_background&quot;:&quot;classic&quot;}\">\n\t\t\t\t\t\t<div class=\"elementor-container elementor-column-gap-default\">\n\t\t\t\t\t<div class=\"elementor-column elementor-col-100 elementor-top-column elementor-element elementor-element-2f64c46\" data-id=\"2f64c46\" data-element_type=\"column\" data-e-type=\"column\">\n\t\t\t<div class=\"elementor-widget-wrap elementor-element-populated\">\n\t\t\t\t\t\t<div class=\"elementor-element elementor-element-4a5681e elementor-widget elementor-widget-heading\" data-id=\"4a5681e\" data-element_type=\"widget\" data-e-type=\"widget\" data-widget_type=\"heading.default\">\n\t\t\t\t<div class=\"elementor-widget-container\">\n\t\t\t\t\t<h2 class=\"elementor-heading-title elementor-size-default\">Pol\u00edticas y cumplimiento legal<\/h2>\t\t\t\t<\/div>\n\t\t\t\t<\/div>\n\t\t\t\t\t<\/div>\n\t\t<\/div>\n\t\t\t\t\t<\/div>\n\t\t<\/section>\n\t\t\t\t<section class=\"elementor-section elementor-top-section elementor-element elementor-element-a5a957f elementor-section-boxed elementor-section-height-default elementor-section-height-default\" data-id=\"a5a957f\" data-element_type=\"section\" data-e-type=\"section\">\n\t\t\t\t\t\t<div class=\"elementor-container elementor-column-gap-default\">\n\t\t\t\t\t<div class=\"elementor-column elementor-col-100 elementor-top-column elementor-element elementor-element-baf6aab\" data-id=\"baf6aab\" data-element_type=\"column\" data-e-type=\"column\">\n\t\t\t<div class=\"elementor-widget-wrap elementor-element-populated\">\n\t\t\t\t\t\t<div class=\"elementor-element elementor-element-f106c1d elementor-widget elementor-widget-text-editor\" data-id=\"f106c1d\" data-element_type=\"widget\" data-e-type=\"widget\" data-widget_type=\"text-editor.default\">\n\t\t\t\t<div class=\"elementor-widget-container\">\n\t\t\t\t\t\t\t\t\t<ul><li><a role=\"link\" href=\"https:\/\/transcaribe.gov.co\/index.php\/politicas-de-privacidad-y-condiciones-de-uso\/\" target=\"_blank\" rel=\"noopener\">T\u00e9rminos y condiciones<\/a><\/li><li><a role=\"link\" href=\"https:\/\/transcaribe.gov.co\/Centro%20de%20Documentacion\/POLITICA%20DE%20TRATAMIENTO%20DE%20PROTECCION%20DE%20DATOS%20PERSONALES%20DE%20TRANSCARIBE%20S.A..pdf\" target=\"_blank\" rel=\"noopener\">Pol\u00edtica de privacidad y tratamiento de datos personales<\/a><\/li><li><a title=\"Resoluci\u00f3n No. 006 Del Quince (15) de Enero de 2021 - Por medio de la cual se adoptan medidas con la finalidad de ejecutar las pol\u00edticas Sanitarias Nacionales y Distritales tendientes a prevenir la propagaci\u00f3n del virus CORONAVIRUS COVID- 19 en el Sistema Integrado de Transporte Masivo de la ciudad de Cartagena, SITM TRANSCARIBE y en TRANSCARIBE S.A., en aplicaci\u00f3n a lo establecido en el Decreto Nacional 1550 de 28 de noviembre de 2020, el cual prorrog\u00f3 la vigencia del Decreto 1168 de 25 de agosto de 2020, al Decreto Distrital No. 1473 del 30 de noviembre de 2020, en el marco de la pr\u00f3rroga de la emergencia sanitaria contenida en la Resoluci\u00f3n No. 2230 del 27 de noviembre de 2020, y se modifican las resoluciones 049 de marzo 31 de 2020, la Resoluci\u00f3n 075 del 31 de mayo de mayo de 2020, resoluci\u00f3n No. 015 de 24 de enero de 2014, la resoluci\u00f3n No. 105 de 31 de Agosto de 2020, resoluci\u00f3n No. 112 de 30 de septiembre de 2020, resoluci\u00f3n No. 120 del treinta (30) de octubre de 2020, y resoluci\u00f3n No. 137 de 30 de noviembre de 2020.\" href=\"https:\/\/transcaribe.gov.co\/Centro%20de%20Documentacion\/006%20AISLAMIENTO%20HASTA%201%20DE%20MARZO%20DE%202021.pdf\" target=\"_blank\" rel=\"noopener\">Pol\u00edtica de Seguridad y Salud en el Trabajo<\/a><\/li><li><a title=\"Sistema de Gesti\u00f3n de la Seguridad y Salud en\u00a0el Trabajo\u00a0-\u00a0Pol\u00edtica de Prevenci\u00f3n de Alcohol y Drogas\" href=\"https:\/\/www.transcaribe.gov.co\/Centro%20de%20Documentacion\/SISTEMA%20DE%20GESTION%20DE%20LA%20SEGURIDAD%20Y%20SALUD%20EN%20EL%20TRABAJO.pdf\" target=\"_blank\" rel=\"noopener\">Sistema de Gesti\u00f3n de la Seguridad y Salud en el Trabajo &#8211; Pol\u00edtica de Prevenci\u00f3n de Alcohol y Drogas<\/a><\/li><li><a title=\"Reglamento de Higiene y Seguridad Industrial Transcaribe S.A.\" href=\"https:\/\/www.transcaribe.gov.co\/Centro%20de%20Documentacion\/REGLAMENTO%20DE%20HIGIENE%20Y%20SEGURIDAD%20INDUSTRIAL.pdf\" target=\"_blank\" rel=\"noopener\">Reglamento de Higiene y Seguridad Industrial Transcaribe S.A.<\/a><\/li><li><a title=\"Reglamento de Higiene y Seguridad Industrial TRANSCARIBE S.A.\" href=\"https:\/\/transcaribe.gov.co\/Centro%20de%20Documentacion\/REGLAMENTO_DE_HIGIENE_Y_SEGURIDAD_INDUSTRIAL.pdf\" target=\"_blank\" rel=\"noopener\">Reglamento de Higiene y Seguridad Industrial TRANSCARIBE S.A.<\/a><\/li><li><a title=\"Pol\u00edtica de Seguridad y Salud en el Trabajo\" href=\"https:\/\/transcaribe.gov.co\/Centro%20de%20Documentacion\/POLITICA_DE_SST_2025.pdf\" target=\"_blank\" rel=\"noopener\">Pol\u00edtica de Seguridad y Salud en el Trabajo<\/a><\/li><li><a title=\"Pol\u00edtica de Prevenci\u00f3n de Consumo de Alcohol, Tabaco y Sustancias Psicoactivas\" href=\"https:\/\/transcaribe.gov.co\/Centro%20de%20Documentacion\/POLITICA_DE_ALCOHOL_Y_DROGAS.pdf\" target=\"_blank\" rel=\"noopener\">Pol\u00edtica de Prevenci\u00f3n de Consumo de Alcohol, Tabaco y Sustancias Psicoactivas<\/a><\/li><li><a title=\"Ley 86 de 1989 Nivel Nacional\" href=\"https:\/\/www.alcaldiabogota.gov.co\/sisjur\/normas\/Norma1.jsp?i=3426\" target=\"_blank\" rel=\"noopener\">Normas Sobre Sistemas de Servicio P\u00fablico Urbano de Transporte Masivo de Pasajeros<\/a><\/li><li><a title=\"Por la cual se adopta el estatuto nacional de transporte\" href=\"https:\/\/www.alcaldiabogota.gov.co\/sisjur\/normas\/Norma1.jsp?i=346\" target=\"_blank\" rel=\"noopener\">Estatuto Nacional de Transporte<\/a><\/li><li><a title=\"Reglamentaci\u00f3n de la habilitaci\u00f3n, la prestaci\u00f3n del servicio p\u00fablico de transporte masivo de pasajeros y la utilizaci\u00f3n de los recursos de la Naci\u00f3n\" href=\"https:\/\/www.alcaldiabogota.gov.co\/sisjur\/normas\/Norma1.jsp?i=3332\" target=\"_blank\" rel=\"noopener\">Decreto 3109 de 1997 Nivel Nacional<\/a><\/li><li><a title=\"Disposiciones b\u00e1sicas sobre transporte, competencia y recursos entre la Naci\u00f3n y las Entidades Territoriales y Planeaci\u00f3n en el sector transporte.\" href=\"https:\/\/www.alcaldiabogota.gov.co\/sisjur\/normas\/Norma1.jsp?i=296\" target=\"_blank\" rel=\"noopener\">Ley 105 de 1993 Nivel Nacional<\/a><\/li><\/ul><p>\u00a0<\/p>\t\t\t\t\t\t\t\t<\/div>\n\t\t\t\t<\/div>\n\t\t\t\t\t<\/div>\n\t\t<\/div>\n\t\t\t\t\t<\/div>\n\t\t<\/section>\n\t\t\t\t<\/div>\n\t\t<div class='cb-post-url-qr-code'><br><img src='https:\/\/api.qrserver.com\/v1\/create-qr-code\/?size=185x185&ecc=L&qzone=1&data=https%3A%2F%2Ftranscaribe.gov.co%2Findex.php%2Fpoliticas-y-cumplimiento-legal%2F' alt='2.3 Pol\u00edticas y cumplimiento legal'\/><\/div>","protected":false},"excerpt":{"rendered":"<p>Pol\u00edticas y cumplimiento legal T\u00e9rminos y condiciones Pol\u00edtica de privacidad y tratamiento de datos personales Pol\u00edtica de Seguridad y Salud en el Trabajo Sistema de Gesti\u00f3n de la Seguridad y Salud en el Trabajo &#8211; Pol\u00edtica de Prevenci\u00f3n de Alcohol y Drogas Reglamento de Higiene y Seguridad Industrial Transcaribe S.A. Reglamento de Higiene y Seguridad [&hellip;]<\/p>\n","protected":false},"author":1,"featured_media":4475,"parent":0,"menu_order":0,"comment_status":"closed","ping_status":"closed","template":"","meta":{"footnotes":""},"class_list":["post-7488","page","type-page","status-publish","has-post-thumbnail","hentry"],"yoast_head":"<!-- This site is optimized with the Yoast SEO plugin v27.3 - https:\/\/yoast.com\/product\/yoast-seo-wordpress\/ -->\n<title>2.3 Pol\u00edticas y cumplimiento legal -<\/title>\n<meta name=\"robots\" content=\"index, follow, max-snippet:-1, max-image-preview:large, max-video-preview:-1\" \/>\n<link rel=\"canonical\" href=\"https:\/\/transcaribe.gov.co\/index.php\/politicas-y-cumplimiento-legal\/\" \/>\n<meta property=\"og:locale\" content=\"es_ES\" \/>\n<meta property=\"og:type\" content=\"article\" \/>\n<meta property=\"og:title\" content=\"2.3 Pol\u00edticas y cumplimiento legal -\" \/>\n<meta property=\"og:description\" content=\"Pol\u00edticas y cumplimiento legal T\u00e9rminos y condiciones Pol\u00edtica de privacidad y tratamiento de datos personales Pol\u00edtica de Seguridad y Salud en el Trabajo Sistema de Gesti\u00f3n de la Seguridad y Salud en el Trabajo &#8211; Pol\u00edtica de Prevenci\u00f3n de Alcohol y Drogas Reglamento de Higiene y Seguridad Industrial Transcaribe S.A. Reglamento de Higiene y Seguridad [&hellip;]\" \/>\n<meta property=\"og:url\" content=\"https:\/\/transcaribe.gov.co\/index.php\/politicas-y-cumplimiento-legal\/\" \/>\n<meta property=\"article:publisher\" content=\"https:\/\/www.facebook.com\/TranscaribeCTG\" \/>\n<meta property=\"article:modified_time\" content=\"2025-12-16T23:19:38+00:00\" \/>\n<meta property=\"og:image\" content=\"https:\/\/transcaribe.gov.co\/wp-content\/uploads\/2023\/10\/cropped-Favicon_Transcaribe.png\" \/>\n\t<meta property=\"og:image:width\" content=\"512\" \/>\n\t<meta property=\"og:image:height\" content=\"512\" \/>\n\t<meta property=\"og:image:type\" content=\"image\/png\" \/>\n<meta name=\"twitter:card\" content=\"summary_large_image\" \/>\n<meta name=\"twitter:site\" content=\"@transcaribeSITM\" \/>\n<meta name=\"twitter:label1\" content=\"Tiempo de lectura\" \/>\n\t<meta name=\"twitter:data1\" content=\"1 minuto\" \/>\n<script type=\"application\/ld+json\" class=\"yoast-schema-graph\">{\"@context\":\"https:\\\/\\\/schema.org\",\"@graph\":[{\"@type\":\"WebPage\",\"@id\":\"https:\\\/\\\/transcaribe.gov.co\\\/index.php\\\/politicas-y-cumplimiento-legal\\\/\",\"url\":\"https:\\\/\\\/transcaribe.gov.co\\\/index.php\\\/politicas-y-cumplimiento-legal\\\/\",\"name\":\"2.3 Pol\u00edticas y cumplimiento legal -\",\"isPartOf\":{\"@id\":\"https:\\\/\\\/transcaribe.gov.co\\\/#website\"},\"primaryImageOfPage\":{\"@id\":\"https:\\\/\\\/transcaribe.gov.co\\\/index.php\\\/politicas-y-cumplimiento-legal\\\/#primaryimage\"},\"image\":{\"@id\":\"https:\\\/\\\/transcaribe.gov.co\\\/index.php\\\/politicas-y-cumplimiento-legal\\\/#primaryimage\"},\"thumbnailUrl\":\"https:\\\/\\\/transcaribe.gov.co\\\/wp-content\\\/uploads\\\/2023\\\/10\\\/cropped-Favicon_Transcaribe.png\",\"datePublished\":\"2025-12-12T18:21:19+00:00\",\"dateModified\":\"2025-12-16T23:19:38+00:00\",\"breadcrumb\":{\"@id\":\"https:\\\/\\\/transcaribe.gov.co\\\/index.php\\\/politicas-y-cumplimiento-legal\\\/#breadcrumb\"},\"inLanguage\":\"es\",\"potentialAction\":[{\"@type\":\"ReadAction\",\"target\":[\"https:\\\/\\\/transcaribe.gov.co\\\/index.php\\\/politicas-y-cumplimiento-legal\\\/\"]}]},{\"@type\":\"ImageObject\",\"inLanguage\":\"es\",\"@id\":\"https:\\\/\\\/transcaribe.gov.co\\\/index.php\\\/politicas-y-cumplimiento-legal\\\/#primaryimage\",\"url\":\"https:\\\/\\\/transcaribe.gov.co\\\/wp-content\\\/uploads\\\/2023\\\/10\\\/cropped-Favicon_Transcaribe.png\",\"contentUrl\":\"https:\\\/\\\/transcaribe.gov.co\\\/wp-content\\\/uploads\\\/2023\\\/10\\\/cropped-Favicon_Transcaribe.png\",\"width\":512,\"height\":512},{\"@type\":\"BreadcrumbList\",\"@id\":\"https:\\\/\\\/transcaribe.gov.co\\\/index.php\\\/politicas-y-cumplimiento-legal\\\/#breadcrumb\",\"itemListElement\":[{\"@type\":\"ListItem\",\"position\":1,\"name\":\"Portada\",\"item\":\"https:\\\/\\\/transcaribe.gov.co\\\/\"},{\"@type\":\"ListItem\",\"position\":2,\"name\":\"2.3 Pol\u00edticas y cumplimiento legal\"}]},{\"@type\":\"WebSite\",\"@id\":\"https:\\\/\\\/transcaribe.gov.co\\\/#website\",\"url\":\"https:\\\/\\\/transcaribe.gov.co\\\/\",\"name\":\"TRANSCARIBE\",\"description\":\"\",\"publisher\":{\"@id\":\"https:\\\/\\\/transcaribe.gov.co\\\/#organization\"},\"potentialAction\":[{\"@type\":\"SearchAction\",\"target\":{\"@type\":\"EntryPoint\",\"urlTemplate\":\"https:\\\/\\\/transcaribe.gov.co\\\/?s={search_term_string}\"},\"query-input\":{\"@type\":\"PropertyValueSpecification\",\"valueRequired\":true,\"valueName\":\"search_term_string\"}}],\"inLanguage\":\"es\"},{\"@type\":\"Organization\",\"@id\":\"https:\\\/\\\/transcaribe.gov.co\\\/#organization\",\"name\":\"TRANSCARIBE S.A.\",\"url\":\"https:\\\/\\\/transcaribe.gov.co\\\/\",\"logo\":{\"@type\":\"ImageObject\",\"inLanguage\":\"es\",\"@id\":\"https:\\\/\\\/transcaribe.gov.co\\\/#\\\/schema\\\/logo\\\/image\\\/\",\"url\":\"https:\\\/\\\/transcaribe.gov.co\\\/wp-content\\\/uploads\\\/2023\\\/10\\\/cropped-Favicon_Transcaribe.png\",\"contentUrl\":\"https:\\\/\\\/transcaribe.gov.co\\\/wp-content\\\/uploads\\\/2023\\\/10\\\/cropped-Favicon_Transcaribe.png\",\"width\":512,\"height\":512,\"caption\":\"TRANSCARIBE S.A.\"},\"image\":{\"@id\":\"https:\\\/\\\/transcaribe.gov.co\\\/#\\\/schema\\\/logo\\\/image\\\/\"},\"sameAs\":[\"https:\\\/\\\/www.facebook.com\\\/TranscaribeCTG\",\"https:\\\/\\\/x.com\\\/transcaribeSITM\",\"https:\\\/\\\/www.instagram.com\\\/Transcaribecartagena\\\/\",\"https:\\\/\\\/www.youtube.com\\\/channel\\\/UCyM8-7H1Ux9hsYGlCkSkQaA\"]}]}<\/script>\n<!-- \/ Yoast SEO plugin. -->","yoast_head_json":{"title":"2.3 Pol\u00edticas y cumplimiento legal -","robots":{"index":"index","follow":"follow","max-snippet":"max-snippet:-1","max-image-preview":"max-image-preview:large","max-video-preview":"max-video-preview:-1"},"canonical":"https:\/\/transcaribe.gov.co\/index.php\/politicas-y-cumplimiento-legal\/","og_locale":"es_ES","og_type":"article","og_title":"2.3 Pol\u00edticas y cumplimiento legal -","og_description":"Pol\u00edticas y cumplimiento legal T\u00e9rminos y condiciones Pol\u00edtica de privacidad y tratamiento de datos personales Pol\u00edtica de Seguridad y Salud en el Trabajo Sistema de Gesti\u00f3n de la Seguridad y Salud en el Trabajo &#8211; Pol\u00edtica de Prevenci\u00f3n de Alcohol y Drogas Reglamento de Higiene y Seguridad Industrial Transcaribe S.A. Reglamento de Higiene y Seguridad [&hellip;]","og_url":"https:\/\/transcaribe.gov.co\/index.php\/politicas-y-cumplimiento-legal\/","article_publisher":"https:\/\/www.facebook.com\/TranscaribeCTG","article_modified_time":"2025-12-16T23:19:38+00:00","og_image":[{"width":512,"height":512,"url":"https:\/\/transcaribe.gov.co\/wp-content\/uploads\/2023\/10\/cropped-Favicon_Transcaribe.png","type":"image\/png"}],"twitter_card":"summary_large_image","twitter_site":"@transcaribeSITM","twitter_misc":{"Tiempo de lectura":"1 minuto"},"schema":{"@context":"https:\/\/schema.org","@graph":[{"@type":"WebPage","@id":"https:\/\/transcaribe.gov.co\/index.php\/politicas-y-cumplimiento-legal\/","url":"https:\/\/transcaribe.gov.co\/index.php\/politicas-y-cumplimiento-legal\/","name":"2.3 Pol\u00edticas y cumplimiento legal -","isPartOf":{"@id":"https:\/\/transcaribe.gov.co\/#website"},"primaryImageOfPage":{"@id":"https:\/\/transcaribe.gov.co\/index.php\/politicas-y-cumplimiento-legal\/#primaryimage"},"image":{"@id":"https:\/\/transcaribe.gov.co\/index.php\/politicas-y-cumplimiento-legal\/#primaryimage"},"thumbnailUrl":"https:\/\/transcaribe.gov.co\/wp-content\/uploads\/2023\/10\/cropped-Favicon_Transcaribe.png","datePublished":"2025-12-12T18:21:19+00:00","dateModified":"2025-12-16T23:19:38+00:00","breadcrumb":{"@id":"https:\/\/transcaribe.gov.co\/index.php\/politicas-y-cumplimiento-legal\/#breadcrumb"},"inLanguage":"es","potentialAction":[{"@type":"ReadAction","target":["https:\/\/transcaribe.gov.co\/index.php\/politicas-y-cumplimiento-legal\/"]}]},{"@type":"ImageObject","inLanguage":"es","@id":"https:\/\/transcaribe.gov.co\/index.php\/politicas-y-cumplimiento-legal\/#primaryimage","url":"https:\/\/transcaribe.gov.co\/wp-content\/uploads\/2023\/10\/cropped-Favicon_Transcaribe.png","contentUrl":"https:\/\/transcaribe.gov.co\/wp-content\/uploads\/2023\/10\/cropped-Favicon_Transcaribe.png","width":512,"height":512},{"@type":"BreadcrumbList","@id":"https:\/\/transcaribe.gov.co\/index.php\/politicas-y-cumplimiento-legal\/#breadcrumb","itemListElement":[{"@type":"ListItem","position":1,"name":"Portada","item":"https:\/\/transcaribe.gov.co\/"},{"@type":"ListItem","position":2,"name":"2.3 Pol\u00edticas y cumplimiento legal"}]},{"@type":"WebSite","@id":"https:\/\/transcaribe.gov.co\/#website","url":"https:\/\/transcaribe.gov.co\/","name":"TRANSCARIBE","description":"","publisher":{"@id":"https:\/\/transcaribe.gov.co\/#organization"},"potentialAction":[{"@type":"SearchAction","target":{"@type":"EntryPoint","urlTemplate":"https:\/\/transcaribe.gov.co\/?s={search_term_string}"},"query-input":{"@type":"PropertyValueSpecification","valueRequired":true,"valueName":"search_term_string"}}],"inLanguage":"es"},{"@type":"Organization","@id":"https:\/\/transcaribe.gov.co\/#organization","name":"TRANSCARIBE S.A.","url":"https:\/\/transcaribe.gov.co\/","logo":{"@type":"ImageObject","inLanguage":"es","@id":"https:\/\/transcaribe.gov.co\/#\/schema\/logo\/image\/","url":"https:\/\/transcaribe.gov.co\/wp-content\/uploads\/2023\/10\/cropped-Favicon_Transcaribe.png","contentUrl":"https:\/\/transcaribe.gov.co\/wp-content\/uploads\/2023\/10\/cropped-Favicon_Transcaribe.png","width":512,"height":512,"caption":"TRANSCARIBE S.A."},"image":{"@id":"https:\/\/transcaribe.gov.co\/#\/schema\/logo\/image\/"},"sameAs":["https:\/\/www.facebook.com\/TranscaribeCTG","https:\/\/x.com\/transcaribeSITM","https:\/\/www.instagram.com\/Transcaribecartagena\/","https:\/\/www.youtube.com\/channel\/UCyM8-7H1Ux9hsYGlCkSkQaA"]}]}},"_links":{"self":[{"href":"https:\/\/transcaribe.gov.co\/index.php\/wp-json\/wp\/v2\/pages\/7488","targetHints":{"allow":["GET"]}}],"collection":[{"href":"https:\/\/transcaribe.gov.co\/index.php\/wp-json\/wp\/v2\/pages"}],"about":[{"href":"https:\/\/transcaribe.gov.co\/index.php\/wp-json\/wp\/v2\/types\/page"}],"author":[{"embeddable":true,"href":"https:\/\/transcaribe.gov.co\/index.php\/wp-json\/wp\/v2\/users\/1"}],"replies":[{"embeddable":true,"href":"https:\/\/transcaribe.gov.co\/index.php\/wp-json\/wp\/v2\/comments?post=7488"}],"version-history":[{"count":59,"href":"https:\/\/transcaribe.gov.co\/index.php\/wp-json\/wp\/v2\/pages\/7488\/revisions"}],"predecessor-version":[{"id":7678,"href":"https:\/\/transcaribe.gov.co\/index.php\/wp-json\/wp\/v2\/pages\/7488\/revisions\/7678"}],"wp:featuredmedia":[{"embeddable":true,"href":"https:\/\/transcaribe.gov.co\/index.php\/wp-json\/wp\/v2\/media\/4475"}],"wp:attachment":[{"href":"https:\/\/transcaribe.gov.co\/index.php\/wp-json\/wp\/v2\/media?parent=7488"}],"curies":[{"name":"wp","href":"https:\/\/api.w.org\/{rel}","templated":true}]}}